{"id":16501,"date":"2025-05-09T13:40:33","date_gmt":"2025-05-09T11:40:33","guid":{"rendered":"https:\/\/barcodedata.ch\/?post_type=product&#038;p=16501"},"modified":"2026-03-25T00:26:39","modified_gmt":"2026-03-24T23:26:39","slug":"ebs-50","status":"publish","type":"product","link":"https:\/\/barcodedata.ch\/en\/product\/ebs-50\/","title":{"rendered":"EBS-50"},"content":{"rendered":"<p data-start=\"207\" data-end=\"750\">Le <strong data-start=\"210\" data-end=\"228\">Opticon EBS-50<\/strong> est une <strong data-start=\"237\" data-end=\"259\">smart base station<\/strong> (station de base intelligente) con\u00e7ue pour piloter un syst\u00e8me d\u2019<strong data-start=\"324\" data-end=\"357\">Electronic Shelf Labels (ESL)<\/strong> \u2014 ces \u00e9tiquettes \u00e9lectroniques sans fil utilis\u00e9es notamment en <strong data-start=\"421\" data-end=\"472\">commerce de d\u00e9tail, magasins ou points de vente<\/strong>.<br data-start=\"473\" data-end=\"476\" \/>Cette base fonctionne <strong data-start=\"498\" data-end=\"560\">comme un centre de communication et un serveur ESL int\u00e9gr\u00e9<\/strong>, assurant \u00e0 la fois la <strong data-start=\"584\" data-end=\"611\">connexion radio aux ESL<\/strong>, l\u2019<strong data-start=\"615\" data-end=\"659\">h\u00e9bergement de l\u2019application serveur ESL<\/strong> et la <strong data-start=\"666\" data-end=\"697\">gestion des donn\u00e9es produit<\/strong> sur le r\u00e9seau.<\/p>\n<p data-start=\"752\" data-end=\"999\">Le EBS-50 combine un <strong data-start=\"773\" data-end=\"807\">micro-ordinateur Linux int\u00e9gr\u00e9<\/strong> et une <strong data-start=\"815\" data-end=\"846\">station radio IEEE 802.15.4<\/strong>, ce qui en fait l\u2019unique mat\u00e9riel n\u00e9cessaire pour installer et op\u00e9rer un syst\u00e8me ESL complet sans serveur externe.<\/p>","protected":false},"excerpt":{"rendered":"<p>Le <strong data-start=\"5027\" data-end=\"5045\">Opticon EBS-50<\/strong> est une <strong data-start=\"5054\" data-end=\"5112\">base station ESL intelligente avec serveur Web int\u00e9gr\u00e9<\/strong>, con\u00e7ue pour piloter et g\u00e9rer un r\u00e9seau d\u2019\u00e9tiquettes \u00e9lectroniques sans fil (ESL) avec <strong data-start=\"5200\" data-end=\"5240\">facilit\u00e9, performance et \u00e9volutivit\u00e9<\/strong>, id\u00e9ale pour retail, logistique ou solutions multi-magasins.<\/p>","protected":false},"featured_media":16506,"template":"","meta":[],"product_brand":[193],"product_cat":[189],"product_tag":[],"class_list":{"0":"post-16501","1":"product","2":"type-product","3":"status-publish","4":"has-post-thumbnail","6":"product_brand-opticon","7":"product_cat-communication","9":"first","10":"instock","11":"taxable","12":"shipping-taxable","13":"purchasable","14":"product-type-simple"},"_links":{"self":[{"href":"https:\/\/barcodedata.ch\/en\/wp-json\/wp\/v2\/product\/16501","targetHints":{"allow":["GET"]}}],"collection":[{"href":"https:\/\/barcodedata.ch\/en\/wp-json\/wp\/v2\/product"}],"about":[{"href":"https:\/\/barcodedata.ch\/en\/wp-json\/wp\/v2\/types\/product"}],"version-history":[{"count":14,"href":"https:\/\/barcodedata.ch\/en\/wp-json\/wp\/v2\/product\/16501\/revisions"}],"predecessor-version":[{"id":17275,"href":"https:\/\/barcodedata.ch\/en\/wp-json\/wp\/v2\/product\/16501\/revisions\/17275"}],"wp:featuredmedia":[{"embeddable":true,"href":"https:\/\/barcodedata.ch\/en\/wp-json\/wp\/v2\/media\/16506"}],"wp:attachment":[{"href":"https:\/\/barcodedata.ch\/en\/wp-json\/wp\/v2\/media?parent=16501"}],"wp:term":[{"taxonomy":"product_brand","embeddable":true,"href":"https:\/\/barcodedata.ch\/en\/wp-json\/wp\/v2\/product_brand?post=16501"},{"taxonomy":"product_cat","embeddable":true,"href":"https:\/\/barcodedata.ch\/en\/wp-json\/wp\/v2\/product_cat?post=16501"},{"taxonomy":"product_tag","embeddable":true,"href":"https:\/\/barcodedata.ch\/en\/wp-json\/wp\/v2\/product_tag?post=16501"}],"curies":[{"name":"wp","href":"https:\/\/api.w.org\/{rel}","templated":true}]}}