{"id":16480,"date":"2025-05-09T13:35:05","date_gmt":"2025-05-09T11:35:05","guid":{"rendered":"https:\/\/barcodedata.ch\/?post_type=product&#038;p=16480"},"modified":"2026-03-22T01:26:02","modified_gmt":"2026-03-22T00:26:02","slug":"se-420","status":"publish","type":"product","link":"https:\/\/barcodedata.ch\/en\/product\/se-420\/","title":{"rendered":"SE-420 S\u00e9ries (R | RY)"},"content":{"rendered":"<p data-start=\"340\" data-end=\"859\">Les <strong data-start=\"344\" data-end=\"362\">Opticon SE-420<\/strong> sont des <strong data-start=\"372\" data-end=\"417\">\u00e9tiquettes \u00e9lectroniques de gondole (ESL)<\/strong> \u00e0 <strong data-start=\"420\" data-end=\"472\">affichage e-paper haute r\u00e9solution de 4,2 pouces<\/strong> con\u00e7ues pour les environnements <strong data-start=\"505\" data-end=\"568\">retail, points de vente, entrep\u00f4ts et magasins intelligents<\/strong>. Elles affichent <strong data-start=\"586\" data-end=\"651\">prix, promotions, descriptions et autres informations produit<\/strong> directement sur l\u2019\u00e9tiquette, avec <strong data-start=\"686\" data-end=\"725\">mises \u00e0 jour sans fil en temps r\u00e9el<\/strong> gr\u00e2ce \u00e0 la communication bidirectionnelle avec une station base ESL (comme l\u2019EBS-40 ou EBS-50).<\/p>\n<p data-start=\"861\" data-end=\"934\">Les deux variantes diff\u00e8rent par le <strong data-start=\"897\" data-end=\"930\">nombre de couleurs support\u00e9es<\/strong> :<\/p>\n<ul data-start=\"935\" data-end=\"1276\">\n<li data-start=\"935\" data-end=\"1075\">\n<p data-start=\"937\" data-end=\"1075\"><strong data-start=\"937\" data-end=\"948\">SE-420R<\/strong> : affichage <strong data-start=\"961\" data-end=\"985\">noir, blanc et rouge<\/strong> \u2014 pour un contraste fort et lisibilit\u00e9 am\u00e9lior\u00e9e.<\/p>\n<\/li>\n<li data-start=\"1076\" data-end=\"1276\">\n<p data-start=\"1078\" data-end=\"1276\"><strong data-start=\"1078\" data-end=\"1090\">SE-420RY<\/strong> : affichage <strong data-start=\"1103\" data-end=\"1134\">noir, blanc, rouge et jaune<\/strong> \u2014 ajoute une couleur suppl\u00e9mentaire pour attirer davantage l\u2019attention sur promotions ou messages cl\u00e9s.<\/p>\n<\/li>\n<\/ul>","protected":false},"excerpt":{"rendered":"<p data-start=\"4315\" data-end=\"4460\">\u00a0<strong data-start=\"5050\" data-end=\"5080\">Opticon SE-420R | SE-420RY<\/strong> \u2014 <em data-start=\"5083\" data-end=\"5334\">\u00e9tiquettes ESL e-paper de 4,2 \u2033 ultra-performantes, avec affichage couleur (R ou RY), autonomie tr\u00e8s longue, LED indicateur et communication bidirectionnelle, parfaitement int\u00e9gr\u00e9es aux syst\u00e8mes ESL Opticon pour retail, points de vente et logistique<\/em>.<\/p>","protected":false},"featured_media":16484,"template":"","meta":[],"product_brand":[193],"product_cat":[187],"product_tag":[],"class_list":{"0":"post-16480","1":"product","2":"type-product","3":"status-publish","4":"has-post-thumbnail","6":"product_brand-opticon","7":"product_cat-etiquettes-electroniques-esl","9":"first","10":"instock","11":"taxable","12":"shipping-taxable","13":"purchasable","14":"product-type-variable"},"_links":{"self":[{"href":"https:\/\/barcodedata.ch\/en\/wp-json\/wp\/v2\/product\/16480","targetHints":{"allow":["GET"]}}],"collection":[{"href":"https:\/\/barcodedata.ch\/en\/wp-json\/wp\/v2\/product"}],"about":[{"href":"https:\/\/barcodedata.ch\/en\/wp-json\/wp\/v2\/types\/product"}],"version-history":[{"count":3,"href":"https:\/\/barcodedata.ch\/en\/wp-json\/wp\/v2\/product\/16480\/revisions"}],"predecessor-version":[{"id":17302,"href":"https:\/\/barcodedata.ch\/en\/wp-json\/wp\/v2\/product\/16480\/revisions\/17302"}],"wp:featuredmedia":[{"embeddable":true,"href":"https:\/\/barcodedata.ch\/en\/wp-json\/wp\/v2\/media\/16484"}],"wp:attachment":[{"href":"https:\/\/barcodedata.ch\/en\/wp-json\/wp\/v2\/media?parent=16480"}],"wp:term":[{"taxonomy":"product_brand","embeddable":true,"href":"https:\/\/barcodedata.ch\/en\/wp-json\/wp\/v2\/product_brand?post=16480"},{"taxonomy":"product_cat","embeddable":true,"href":"https:\/\/barcodedata.ch\/en\/wp-json\/wp\/v2\/product_cat?post=16480"},{"taxonomy":"product_tag","embeddable":true,"href":"https:\/\/barcodedata.ch\/en\/wp-json\/wp\/v2\/product_tag?post=16480"}],"curies":[{"name":"wp","href":"https:\/\/api.w.org\/{rel}","templated":true}]}}