{"id":16434,"date":"2025-05-09T13:31:30","date_gmt":"2025-05-09T11:31:30","guid":{"rendered":"https:\/\/barcodedata.ch\/?post_type=product&#038;p=16434"},"modified":"2026-03-22T01:31:51","modified_gmt":"2026-03-22T00:31:51","slug":"rs-3000","status":"publish","type":"product","link":"https:\/\/barcodedata.ch\/en\/product\/rs-3000\/","title":{"rendered":"RS-3000"},"content":{"rendered":"<p data-start=\"335\" data-end=\"826\">Le <strong data-start=\"338\" data-end=\"361\">Opticon RS-3000 Set<\/strong> est un <strong data-start=\"369\" data-end=\"445\">scanner de codes-barres 2D Bluetooth portable au format \u00ab ring scanner \u00bb<\/strong> con\u00e7u pour une <strong data-start=\"461\" data-end=\"517\">lecture mains-libres rapide, ergonomique et efficace<\/strong>. Cette solution innovante permet aux op\u00e9rateurs de <strong data-start=\"569\" data-end=\"626\">balayer des articles sans poser leurs mains ou outils<\/strong>, ce qui augmente la <strong data-start=\"647\" data-end=\"678\">productivit\u00e9 et la mobilit\u00e9<\/strong> dans des environnements modernes comme la logistique, les entrep\u00f4ts, le retail ou la pr\u00e9paration de commande.<\/p>\n<p data-start=\"828\" data-end=\"1186\">Le scanner, tr\u00e8s l\u00e9ger et compact, peut \u00eatre port\u00e9 au doigt avec un support-bracelet ajustable, ce qui garantit un confort maximal tout au long de la journ\u00e9e de travail. Gr\u00e2ce \u00e0 sa connectivit\u00e9 <strong data-start=\"1022\" data-end=\"1045\">Bluetooth 4.2 + NFC<\/strong>, il se couple facilement aux appareils h\u00f4tes et fonctionne de mani\u00e8re fluide avec diff\u00e9rents syst\u00e8mes.<\/p>","protected":false},"excerpt":{"rendered":"<p>Le <strong data-start=\"338\" data-end=\"361\">Opticon RS-3000 Set<\/strong> est un <strong data-start=\"369\" data-end=\"445\">scanner de codes-barres 2D Bluetooth portable au format \u00ab ring scanner \u00bb<\/strong> con\u00e7u pour une <strong data-start=\"461\" data-end=\"517\">lecture mains-libres rapide, ergonomique et efficace<\/strong>. Le scanner, tr\u00e8s l\u00e9ger et compact, peut \u00eatre port\u00e9 au doigt avec un support-bracelet ajustable, ce qui garantit un confort maximal tout au long de la journ\u00e9e de travail.<\/p>","protected":false},"featured_media":16443,"template":"","meta":[],"product_brand":[193],"product_cat":[168,177],"product_tag":[],"class_list":{"0":"post-16434","1":"product","2":"type-product","3":"status-publish","4":"has-post-thumbnail","6":"product_brand-opticon","7":"product_cat-connecteurs-donnees","8":"product_cat-collecteurs-de-donnees-2d","10":"first","11":"instock","12":"taxable","13":"shipping-taxable","14":"purchasable","15":"product-type-simple"},"_links":{"self":[{"href":"https:\/\/barcodedata.ch\/en\/wp-json\/wp\/v2\/product\/16434","targetHints":{"allow":["GET"]}}],"collection":[{"href":"https:\/\/barcodedata.ch\/en\/wp-json\/wp\/v2\/product"}],"about":[{"href":"https:\/\/barcodedata.ch\/en\/wp-json\/wp\/v2\/types\/product"}],"version-history":[{"count":3,"href":"https:\/\/barcodedata.ch\/en\/wp-json\/wp\/v2\/product\/16434\/revisions"}],"predecessor-version":[{"id":17015,"href":"https:\/\/barcodedata.ch\/en\/wp-json\/wp\/v2\/product\/16434\/revisions\/17015"}],"wp:featuredmedia":[{"embeddable":true,"href":"https:\/\/barcodedata.ch\/en\/wp-json\/wp\/v2\/media\/16443"}],"wp:attachment":[{"href":"https:\/\/barcodedata.ch\/en\/wp-json\/wp\/v2\/media?parent=16434"}],"wp:term":[{"taxonomy":"product_brand","embeddable":true,"href":"https:\/\/barcodedata.ch\/en\/wp-json\/wp\/v2\/product_brand?post=16434"},{"taxonomy":"product_cat","embeddable":true,"href":"https:\/\/barcodedata.ch\/en\/wp-json\/wp\/v2\/product_cat?post=16434"},{"taxonomy":"product_tag","embeddable":true,"href":"https:\/\/barcodedata.ch\/en\/wp-json\/wp\/v2\/product_tag?post=16434"}],"curies":[{"name":"wp","href":"https:\/\/api.w.org\/{rel}","templated":true}]}}