{"id":16425,"date":"2025-05-09T13:29:51","date_gmt":"2025-05-09T11:29:51","guid":{"rendered":"https:\/\/barcodedata.ch\/?post_type=product&#038;p=16425"},"modified":"2026-03-23T22:27:19","modified_gmt":"2026-03-23T21:27:19","slug":"opn-6000","status":"publish","type":"product","link":"https:\/\/barcodedata.ch\/en\/product\/opn-6000\/","title":{"rendered":"OPN-6000"},"content":{"rendered":"<p data-start=\"286\" data-end=\"744\">Le <strong data-start=\"289\" data-end=\"309\">Opticon OPN-6000<\/strong> est un <strong data-start=\"317\" data-end=\"379\">scanner de codes-barres 2D portable de nouvelle g\u00e9n\u00e9ration<\/strong>, compact, l\u00e9ger et con\u00e7u pour offrir une <strong data-start=\"421\" data-end=\"468\">lecture rapide et fiable des codes 1D et 2D<\/strong>, y compris QR-codes. Gr\u00e2ce \u00e0 sa taille ultra-compacte, il tient facilement <strong data-start=\"544\" data-end=\"582\">dans une poche ou \u00e0 port\u00e9e de main<\/strong>, ce qui en fait une solution id\u00e9ale pour les environnements o\u00f9 <strong data-start=\"646\" data-end=\"687\">mobilit\u00e9, flexibilit\u00e9 et productivit\u00e9<\/strong> sont essentielles.<\/p>\n<p data-start=\"746\" data-end=\"1063\">Ce scanner int\u00e8gre <strong data-start=\"765\" data-end=\"799\">Bluetooth 5.4 Low Energy (BLE)<\/strong> pour une connexion sans fil fluide \u00e0 des appareils mobiles (smartphones, tablettes) ou \u00e0 des ordinateurs, ainsi qu\u2019une interface <strong data-start=\"929\" data-end=\"938\">USB-C<\/strong> pour une connexion filaire ou pour des modes de transfert de donn\u00e9es et de chargement.<\/p>\n<p data-start=\"1065\" data-end=\"1360\">Gr\u00e2ce \u00e0 sa <strong data-start=\"1076\" data-end=\"1112\">capacit\u00e9 de charge sans fil (Qi)<\/strong>, sa batterie longue dur\u00e9e et ses multiples options de configuration via des applications comme <strong data-start=\"1208\" data-end=\"1223\">OptiConnect<\/strong>, l\u2019OPN-6000 offre une exp\u00e9rience d\u2019utilisation <strong data-start=\"1271\" data-end=\"1297\">moderne et polyvalente<\/strong> pour les professionnels.<\/p>","protected":false},"excerpt":{"rendered":"<p>Le <strong data-start=\"289\" data-end=\"309\">Opticon OPN-6000<\/strong> est un <strong data-start=\"317\" data-end=\"379\">scanner de codes-barres 2D portable de nouvelle g\u00e9n\u00e9ration<\/strong>, compact, l\u00e9ger et con\u00e7u pour offrir une <strong data-start=\"421\" data-end=\"468\">lecture rapide et fiable des codes 1D et 2D<\/strong>, y compris QR-codes. Gr\u00e2ce \u00e0 sa taille ultra-compacte, il tient facilement <strong data-start=\"544\" data-end=\"582\">dans une poche ou \u00e0 port\u00e9e de main<\/strong>, ce qui en fait une solution id\u00e9ale pour les environnements o\u00f9 <strong data-start=\"646\" data-end=\"687\">mobilit\u00e9, flexibilit\u00e9 et productivit\u00e9<\/strong> sont essentielles.<\/p>","protected":false},"featured_media":16432,"template":"","meta":[],"product_brand":[193],"product_cat":[168,177],"product_tag":[],"class_list":{"0":"post-16425","1":"product","2":"type-product","3":"status-publish","4":"has-post-thumbnail","6":"product_brand-opticon","7":"product_cat-connecteurs-donnees","8":"product_cat-collecteurs-de-donnees-2d","10":"first","11":"instock","12":"taxable","13":"shipping-taxable","14":"purchasable","15":"product-type-simple"},"_links":{"self":[{"href":"https:\/\/barcodedata.ch\/en\/wp-json\/wp\/v2\/product\/16425","targetHints":{"allow":["GET"]}}],"collection":[{"href":"https:\/\/barcodedata.ch\/en\/wp-json\/wp\/v2\/product"}],"about":[{"href":"https:\/\/barcodedata.ch\/en\/wp-json\/wp\/v2\/types\/product"}],"version-history":[{"count":3,"href":"https:\/\/barcodedata.ch\/en\/wp-json\/wp\/v2\/product\/16425\/revisions"}],"predecessor-version":[{"id":17053,"href":"https:\/\/barcodedata.ch\/en\/wp-json\/wp\/v2\/product\/16425\/revisions\/17053"}],"wp:featuredmedia":[{"embeddable":true,"href":"https:\/\/barcodedata.ch\/en\/wp-json\/wp\/v2\/media\/16432"}],"wp:attachment":[{"href":"https:\/\/barcodedata.ch\/en\/wp-json\/wp\/v2\/media?parent=16425"}],"wp:term":[{"taxonomy":"product_brand","embeddable":true,"href":"https:\/\/barcodedata.ch\/en\/wp-json\/wp\/v2\/product_brand?post=16425"},{"taxonomy":"product_cat","embeddable":true,"href":"https:\/\/barcodedata.ch\/en\/wp-json\/wp\/v2\/product_cat?post=16425"},{"taxonomy":"product_tag","embeddable":true,"href":"https:\/\/barcodedata.ch\/en\/wp-json\/wp\/v2\/product_tag?post=16425"}],"curies":[{"name":"wp","href":"https:\/\/api.w.org\/{rel}","templated":true}]}}