{"id":16419,"date":"2025-05-09T13:28:42","date_gmt":"2025-05-09T11:28:42","guid":{"rendered":"https:\/\/barcodedata.ch\/?post_type=product&#038;p=16419"},"modified":"2026-03-22T01:32:15","modified_gmt":"2026-03-22T00:32:15","slug":"opn-4000","status":"publish","type":"product","link":"https:\/\/barcodedata.ch\/en\/product\/opn-4000\/","title":{"rendered":"OPN-4000i"},"content":{"rendered":"<p data-start=\"332\" data-end=\"867\">Le <strong data-start=\"335\" data-end=\"356\">Opticon OPN-4000i<\/strong> est un <strong data-start=\"364\" data-end=\"417\">scanner de codes-barres 1D sans fil ultra-compact<\/strong> con\u00e7u pour \u00eatre votre <strong data-start=\"440\" data-end=\"487\">compagnon mobile de lecture de codes barres<\/strong>, que ce soit pour la <strong data-start=\"509\" data-end=\"534\">vente au d\u00e9tail (POS)<\/strong>, la <strong data-start=\"539\" data-end=\"563\">gestion d\u2019inventaire<\/strong>, le <strong data-start=\"568\" data-end=\"586\">suivi d\u2019actifs<\/strong> ou les <strong data-start=\"594\" data-end=\"617\">services de terrain<\/strong>. Il combine une <strong data-start=\"634\" data-end=\"670\">technologie CCD lin\u00e9aire avanc\u00e9e<\/strong> avec une <strong data-start=\"680\" data-end=\"706\">connectivit\u00e9 Bluetooth<\/strong> facile \u00e0 appairer \u00e0 pratiquement n\u2019importe quel appareil compatible, offrant une exp\u00e9rience de lecture fluide et sans fil.<\/p>\n<p data-start=\"869\" data-end=\"1143\">Ce scanner est suffisamment petit pour rentrer dans une poche ou \u00eatre accroch\u00e9 \u00e0 un porte-cl\u00e9, ce qui en fait un outil id\u00e9al pour les professionnels qui exigent <strong data-start=\"1030\" data-end=\"1083\">mobilit\u00e9, performance et simplicit\u00e9 d\u2019utilisation<\/strong> dans un format l\u00e9ger.<\/p>","protected":false},"excerpt":{"rendered":"<p>Le <strong data-start=\"335\" data-end=\"356\">Opticon OPN-4000i<\/strong> est un <strong data-start=\"364\" data-end=\"417\">scanner de codes-barres 1D sans fil ultra-compact<\/strong> con\u00e7u pour \u00eatre votre <strong data-start=\"440\" data-end=\"487\">compagnon mobile de lecture de codes barres<\/strong>, que ce soit pour la <strong data-start=\"509\" data-end=\"534\">vente au d\u00e9tail (POS)<\/strong>, la <strong data-start=\"539\" data-end=\"563\">gestion d\u2019inventaire<\/strong>, le <strong data-start=\"568\" data-end=\"586\">suivi d\u2019actifs<\/strong> ou les <strong data-start=\"594\" data-end=\"617\">services de terrain<\/strong>. Il combine une <strong data-start=\"634\" data-end=\"670\">technologie CCD lin\u00e9aire avanc\u00e9e<\/strong> avec une <strong data-start=\"680\" data-end=\"706\">connectivit\u00e9 Bluetooth<\/strong> facile \u00e0 appairer \u00e0 pratiquement n\u2019importe quel appareil compatible, offrant une exp\u00e9rience de lecture fluide et sans fil.<\/p>","protected":false},"featured_media":16423,"template":"","meta":[],"product_brand":[193],"product_cat":[168,178],"product_tag":[],"class_list":{"0":"post-16419","1":"product","2":"type-product","3":"status-publish","4":"has-post-thumbnail","6":"product_brand-opticon","7":"product_cat-connecteurs-donnees","8":"product_cat-collecteurs-de-donnees-1d","10":"first","11":"instock","12":"taxable","13":"shipping-taxable","14":"purchasable","15":"product-type-simple"},"_links":{"self":[{"href":"https:\/\/barcodedata.ch\/en\/wp-json\/wp\/v2\/product\/16419","targetHints":{"allow":["GET"]}}],"collection":[{"href":"https:\/\/barcodedata.ch\/en\/wp-json\/wp\/v2\/product"}],"about":[{"href":"https:\/\/barcodedata.ch\/en\/wp-json\/wp\/v2\/types\/product"}],"version-history":[{"count":3,"href":"https:\/\/barcodedata.ch\/en\/wp-json\/wp\/v2\/product\/16419\/revisions"}],"predecessor-version":[{"id":17049,"href":"https:\/\/barcodedata.ch\/en\/wp-json\/wp\/v2\/product\/16419\/revisions\/17049"}],"wp:featuredmedia":[{"embeddable":true,"href":"https:\/\/barcodedata.ch\/en\/wp-json\/wp\/v2\/media\/16423"}],"wp:attachment":[{"href":"https:\/\/barcodedata.ch\/en\/wp-json\/wp\/v2\/media?parent=16419"}],"wp:term":[{"taxonomy":"product_brand","embeddable":true,"href":"https:\/\/barcodedata.ch\/en\/wp-json\/wp\/v2\/product_brand?post=16419"},{"taxonomy":"product_cat","embeddable":true,"href":"https:\/\/barcodedata.ch\/en\/wp-json\/wp\/v2\/product_cat?post=16419"},{"taxonomy":"product_tag","embeddable":true,"href":"https:\/\/barcodedata.ch\/en\/wp-json\/wp\/v2\/product_tag?post=16419"}],"curies":[{"name":"wp","href":"https:\/\/api.w.org\/{rel}","templated":true}]}}