{"id":16390,"date":"2025-05-09T13:25:51","date_gmt":"2025-05-09T11:25:51","guid":{"rendered":"https:\/\/barcodedata.ch\/?post_type=product&#038;p=16390"},"modified":"2026-03-22T01:32:58","modified_gmt":"2026-03-22T00:32:58","slug":"opc-3301i","status":"publish","type":"product","link":"https:\/\/barcodedata.ch\/en\/product\/opc-3301i\/","title":{"rendered":"OPC-3301i"},"content":{"rendered":"<p data-start=\"194\" data-end=\"492\">Le <strong data-start=\"197\" data-end=\"218\">Opticon OPC-3301i<\/strong> est un <strong data-start=\"226\" data-end=\"271\">scanner de codes-barres portatif sans fil<\/strong> con\u00e7u pour offrir une <strong data-start=\"294\" data-end=\"335\">lecture rapide, confortable et fiable<\/strong> dans un large \u00e9ventail d\u2019environnements professionnels tels que <strong data-start=\"400\" data-end=\"453\">commerces, logistique, bureaux ou points de vente<\/strong>.<\/p>\n<p data-start=\"494\" data-end=\"770\">C\u2019est un lecteur <strong data-start=\"511\" data-end=\"534\">sans fil Bluetooth\u00ae<\/strong> qui permet une totale mobilit\u00e9 \u2014 aucun c\u00e2ble n\u2019est n\u00e9cessaire pour connecter le scanner \u00e0 ton appareil h\u00f4te (ordinateur, tablette ou smartphone) tout en <strong data-start=\"688\" data-end=\"718\">optimisant la productivit\u00e9<\/strong> au quotidien.<\/p>","protected":false},"excerpt":{"rendered":"<p>Le <strong data-start=\"197\" data-end=\"218\">Opticon OPC-3301i<\/strong> est un <strong data-start=\"226\" data-end=\"271\">scanner de codes-barres portatif sans fil<\/strong> con\u00e7u pour offrir une <strong data-start=\"294\" data-end=\"335\">lecture rapide, confortable et fiable<\/strong> dans un large \u00e9ventail d\u2019environnements professionnels tels que <strong data-start=\"400\" data-end=\"453\">commerces, logistique, bureaux ou points de vente<\/strong>.<\/p>","protected":false},"featured_media":16392,"template":"","meta":[],"product_brand":[193],"product_cat":[167,175],"product_tag":[],"class_list":{"0":"post-16390","1":"product","2":"type-product","3":"status-publish","4":"has-post-thumbnail","6":"product_brand-opticon","7":"product_cat-lecteurs-sans-fils","8":"product_cat-lecteurs-sans-fils-1d","10":"first","11":"instock","12":"taxable","13":"shipping-taxable","14":"purchasable","15":"product-type-simple"},"_links":{"self":[{"href":"https:\/\/barcodedata.ch\/en\/wp-json\/wp\/v2\/product\/16390","targetHints":{"allow":["GET"]}}],"collection":[{"href":"https:\/\/barcodedata.ch\/en\/wp-json\/wp\/v2\/product"}],"about":[{"href":"https:\/\/barcodedata.ch\/en\/wp-json\/wp\/v2\/types\/product"}],"version-history":[{"count":4,"href":"https:\/\/barcodedata.ch\/en\/wp-json\/wp\/v2\/product\/16390\/revisions"}],"predecessor-version":[{"id":16969,"href":"https:\/\/barcodedata.ch\/en\/wp-json\/wp\/v2\/product\/16390\/revisions\/16969"}],"wp:featuredmedia":[{"embeddable":true,"href":"https:\/\/barcodedata.ch\/en\/wp-json\/wp\/v2\/media\/16392"}],"wp:attachment":[{"href":"https:\/\/barcodedata.ch\/en\/wp-json\/wp\/v2\/media?parent=16390"}],"wp:term":[{"taxonomy":"product_brand","embeddable":true,"href":"https:\/\/barcodedata.ch\/en\/wp-json\/wp\/v2\/product_brand?post=16390"},{"taxonomy":"product_cat","embeddable":true,"href":"https:\/\/barcodedata.ch\/en\/wp-json\/wp\/v2\/product_cat?post=16390"},{"taxonomy":"product_tag","embeddable":true,"href":"https:\/\/barcodedata.ch\/en\/wp-json\/wp\/v2\/product_tag?post=16390"}],"curies":[{"name":"wp","href":"https:\/\/api.w.org\/{rel}","templated":true}]}}