{"id":16384,"date":"2025-05-09T13:25:26","date_gmt":"2025-05-09T11:25:26","guid":{"rendered":"https:\/\/barcodedata.ch\/?post_type=product&#038;p=16384"},"modified":"2026-03-22T01:36:33","modified_gmt":"2026-03-22T00:36:33","slug":"m-11-2","status":"publish","type":"product","link":"https:\/\/barcodedata.ch\/en\/product\/m-11-2\/","title":{"rendered":"M-11"},"content":{"rendered":"<p data-start=\"255\" data-end=\"757\">Le <strong data-start=\"258\" data-end=\"274\">Opticon M-11<\/strong> est un <strong data-start=\"282\" data-end=\"349\">scanner de codes-barres 2D omnidirectionnel hautes performances<\/strong>, con\u00e7u pour la lecture <strong data-start=\"373\" data-end=\"415\">rapide et intuitive des codes 1D et 2D<\/strong>, qu\u2019ils soient imprim\u00e9s ou affich\u00e9s sur smartphone ou autres \u00e9crans. Il fonctionne en <strong data-start=\"502\" data-end=\"592\">mode mains libres sur comptoir ou int\u00e9gr\u00e9 dans un syst\u00e8me fixe (kiosk, terminal, etc.)<\/strong>, ce qui en fait une solution id\u00e9ale pour les environnements <strong data-start=\"653\" data-end=\"718\">commerce, retail, billetterie, transport, sant\u00e9 et logistique<\/strong>.<\/p>\n<p data-start=\"759\" data-end=\"1031\">Sa conception compacte et robuste lui permet d\u2019\u00eatre utilis\u00e9 soit <strong data-start=\"824\" data-end=\"848\">pos\u00e9 sur un comptoir<\/strong>, soit <strong data-start=\"855\" data-end=\"896\">int\u00e9gr\u00e9 dans des solutions embarqu\u00e9es<\/strong> pour des points de service ou des applications sp\u00e9cialis\u00e9es (ticketing, contr\u00f4le d\u2019acc\u00e8s, etc.).<\/p>","protected":false},"excerpt":{"rendered":"<p>Le <strong data-start=\"258\" data-end=\"274\">Opticon M-11<\/strong> est un <strong data-start=\"282\" data-end=\"349\">scanner de codes-barres 2D omnidirectionnel hautes performances<\/strong>, con\u00e7u pour la lecture <strong data-start=\"373\" data-end=\"415\">rapide et intuitive des codes 1D et 2D<\/strong>, qu\u2019ils soient imprim\u00e9s ou affich\u00e9s sur smartphone ou autres \u00e9crans.<\/p>","protected":false},"featured_media":16388,"template":"","meta":[],"product_brand":[193],"product_cat":[171,182],"product_tag":[],"class_list":{"0":"post-16384","1":"product","2":"type-product","3":"status-publish","4":"has-post-thumbnail","6":"product_brand-opticon","7":"product_cat-lecteurs-fixes","8":"product_cat-lecteurs-fixes-2d","10":"first","11":"instock","12":"taxable","13":"shipping-taxable","14":"purchasable","15":"product-type-simple"},"_links":{"self":[{"href":"https:\/\/barcodedata.ch\/en\/wp-json\/wp\/v2\/product\/16384","targetHints":{"allow":["GET"]}}],"collection":[{"href":"https:\/\/barcodedata.ch\/en\/wp-json\/wp\/v2\/product"}],"about":[{"href":"https:\/\/barcodedata.ch\/en\/wp-json\/wp\/v2\/types\/product"}],"version-history":[{"count":3,"href":"https:\/\/barcodedata.ch\/en\/wp-json\/wp\/v2\/product\/16384\/revisions"}],"predecessor-version":[{"id":17029,"href":"https:\/\/barcodedata.ch\/en\/wp-json\/wp\/v2\/product\/16384\/revisions\/17029"}],"wp:featuredmedia":[{"embeddable":true,"href":"https:\/\/barcodedata.ch\/en\/wp-json\/wp\/v2\/media\/16388"}],"wp:attachment":[{"href":"https:\/\/barcodedata.ch\/en\/wp-json\/wp\/v2\/media?parent=16384"}],"wp:term":[{"taxonomy":"product_brand","embeddable":true,"href":"https:\/\/barcodedata.ch\/en\/wp-json\/wp\/v2\/product_brand?post=16384"},{"taxonomy":"product_cat","embeddable":true,"href":"https:\/\/barcodedata.ch\/en\/wp-json\/wp\/v2\/product_cat?post=16384"},{"taxonomy":"product_tag","embeddable":true,"href":"https:\/\/barcodedata.ch\/en\/wp-json\/wp\/v2\/product_tag?post=16384"}],"curies":[{"name":"wp","href":"https:\/\/api.w.org\/{rel}","templated":true}]}}