{"id":16379,"date":"2026-02-17T21:44:00","date_gmt":"2026-02-17T20:44:00","guid":{"rendered":"https:\/\/barcodedata.ch\/?post_type=product&#038;p=16379"},"modified":"2026-03-27T15:42:25","modified_gmt":"2026-03-27T14:42:25","slug":"m-10","status":"publish","type":"product","link":"https:\/\/barcodedata.ch\/en\/product\/m-10\/","title":{"rendered":"M-10"},"content":{"rendered":"<p data-start=\"266\" data-end=\"757\">Le <strong data-start=\"269\" data-end=\"285\">Opticon M-10<\/strong> est un <strong data-start=\"293\" data-end=\"364\">scanner de codes-barres 2D omni-directionnel de type <em data-start=\"348\" data-end=\"362\">presentation<\/em><\/strong>, con\u00e7u pour les environnements professionnels o\u00f9 la <strong data-start=\"417\" data-end=\"450\">lecture rapide et sans effort<\/strong> est essentielle, comme le <strong data-start=\"477\" data-end=\"537\">retail, la logistique, la sant\u00e9 ou les points de service<\/strong>. Gr\u00e2ce \u00e0 son <strong data-start=\"551\" data-end=\"580\">imager CMOS haute vitesse<\/strong>, il permet de lire des <strong data-start=\"604\" data-end=\"622\">codes 1D et 2D<\/strong>, y compris ceux affich\u00e9s sur l\u2019\u00e9cran d\u2019un smartphone, sans besoin de positionnement tr\u00e8s pr\u00e9cis.<\/p>\n<p data-start=\"759\" data-end=\"1145\">Son support pivotant ajustable permet une utilisation <strong data-start=\"813\" data-end=\"829\">mains-libres<\/strong>, ou le scanner peut \u00eatre utilis\u00e9 comme appareil \u00e0 la main via un <strong data-start=\"895\" data-end=\"931\">interrupteur d\u00e9clencheur int\u00e9gr\u00e9<\/strong>. Sa <strong data-start=\"936\" data-end=\"966\">forme compacte et \u00e9l\u00e9gante<\/strong> s\u2019int\u00e8gre parfaitement sur un comptoir ou bureau, et sa construction robuste est con\u00e7ue pour durer dans un environnement quotidien exigeant.<\/p>","protected":false},"excerpt":{"rendered":"<p>Le <strong data-start=\"269\" data-end=\"285\">Opticon M-10<\/strong> est un <strong data-start=\"293\" data-end=\"364\">scanner de codes-barres 2D omni-directionnel de type <em data-start=\"348\" data-end=\"362\">presentation<\/em><\/strong>, con\u00e7u pour les environnements professionnels o\u00f9 la <strong data-start=\"417\" data-end=\"450\">lecture rapide et sans effort<\/strong> est essentielle, comme le <strong data-start=\"477\" data-end=\"537\">retail, la logistique, la sant\u00e9 ou les points de service<\/strong>.<\/p>","protected":false},"featured_media":16382,"template":"","meta":[],"product_brand":[193],"product_cat":[171,182],"product_tag":[],"class_list":{"0":"post-16379","1":"product","2":"type-product","3":"status-publish","4":"has-post-thumbnail","6":"product_brand-opticon","7":"product_cat-lecteurs-fixes","8":"product_cat-lecteurs-fixes-2d","10":"first","11":"instock","12":"taxable","13":"shipping-taxable","14":"purchasable","15":"product-type-variable"},"_links":{"self":[{"href":"https:\/\/barcodedata.ch\/en\/wp-json\/wp\/v2\/product\/16379","targetHints":{"allow":["GET"]}}],"collection":[{"href":"https:\/\/barcodedata.ch\/en\/wp-json\/wp\/v2\/product"}],"about":[{"href":"https:\/\/barcodedata.ch\/en\/wp-json\/wp\/v2\/types\/product"}],"version-history":[{"count":2,"href":"https:\/\/barcodedata.ch\/en\/wp-json\/wp\/v2\/product\/16379\/revisions"}],"predecessor-version":[{"id":17025,"href":"https:\/\/barcodedata.ch\/en\/wp-json\/wp\/v2\/product\/16379\/revisions\/17025"}],"wp:featuredmedia":[{"embeddable":true,"href":"https:\/\/barcodedata.ch\/en\/wp-json\/wp\/v2\/media\/16382"}],"wp:attachment":[{"href":"https:\/\/barcodedata.ch\/en\/wp-json\/wp\/v2\/media?parent=16379"}],"wp:term":[{"taxonomy":"product_brand","embeddable":true,"href":"https:\/\/barcodedata.ch\/en\/wp-json\/wp\/v2\/product_brand?post=16379"},{"taxonomy":"product_cat","embeddable":true,"href":"https:\/\/barcodedata.ch\/en\/wp-json\/wp\/v2\/product_cat?post=16379"},{"taxonomy":"product_tag","embeddable":true,"href":"https:\/\/barcodedata.ch\/en\/wp-json\/wp\/v2\/product_tag?post=16379"}],"curies":[{"name":"wp","href":"https:\/\/api.w.org\/{rel}","templated":true}]}}