{"id":16373,"date":"2026-02-17T18:39:53","date_gmt":"2026-02-17T17:39:53","guid":{"rendered":"https:\/\/barcodedata.ch\/?post_type=product&#038;p=16373"},"modified":"2026-03-22T01:30:07","modified_gmt":"2026-03-22T00:30:07","slug":"opi-3601","status":"publish","type":"product","link":"https:\/\/barcodedata.ch\/en\/product\/opi-3601\/","title":{"rendered":"OPI-3601"},"content":{"rendered":"<p data-start=\"303\" data-end=\"550\">Le <strong data-start=\"306\" data-end=\"326\">Opticon OPI-3601<\/strong> est un <strong data-start=\"334\" data-end=\"372\">scanner de codes-barres 2D filaire<\/strong> con\u00e7u pour offrir une <strong data-start=\"395\" data-end=\"432\">lecture rapide, pr\u00e9cise et fiable<\/strong> des codes-barres <strong data-start=\"450\" data-end=\"462\">1D et 2D<\/strong>, qu\u2019ils soient imprim\u00e9s ou affich\u00e9s sur un \u00e9cran.<\/p>\n<p data-start=\"552\" data-end=\"936\">Gr\u00e2ce \u00e0 sa technologie d\u2019imagerie 2D CMOS avanc\u00e9e, il capture facilement m\u00eame les codes courb\u00e9s ou mal imprim\u00e9s. Son design <strong data-start=\"676\" data-end=\"700\">l\u00e9ger et ergonomique<\/strong> facilite une prise en main confortable, tandis que les guides LED lumineux et les <strong data-start=\"783\" data-end=\"826\">modes de d\u00e9clenchement personnalisables<\/strong> \u2014 manuel ou mains libres via stand \u2014 rendent son utilisation intuitive.<\/p>","protected":false},"excerpt":{"rendered":"<p>Le <strong data-start=\"306\" data-end=\"326\">Opticon OPI-3601<\/strong> est un <strong data-start=\"334\" data-end=\"372\">scanner de codes-barres 2D filaire<\/strong> con\u00e7u pour offrir une <strong data-start=\"395\" data-end=\"432\">lecture rapide, pr\u00e9cise et fiable<\/strong> des codes-barres <strong data-start=\"450\" data-end=\"462\">1D et 2D<\/strong>, qu\u2019ils soient imprim\u00e9s ou affich\u00e9s sur un \u00e9cran.<\/p>","protected":false},"featured_media":16377,"template":"","meta":[],"product_brand":[193],"product_cat":[166,174],"product_tag":[],"class_list":{"0":"post-16373","1":"product","2":"type-product","3":"status-publish","4":"has-post-thumbnail","6":"product_brand-opticon","7":"product_cat-lecteurs-filaires","8":"product_cat-lecteurs-filaires-2d","10":"first","11":"instock","12":"taxable","13":"shipping-taxable","14":"purchasable","15":"product-type-variable"},"_links":{"self":[{"href":"https:\/\/barcodedata.ch\/en\/wp-json\/wp\/v2\/product\/16373","targetHints":{"allow":["GET"]}}],"collection":[{"href":"https:\/\/barcodedata.ch\/en\/wp-json\/wp\/v2\/product"}],"about":[{"href":"https:\/\/barcodedata.ch\/en\/wp-json\/wp\/v2\/types\/product"}],"version-history":[{"count":2,"href":"https:\/\/barcodedata.ch\/en\/wp-json\/wp\/v2\/product\/16373\/revisions"}],"predecessor-version":[{"id":16995,"href":"https:\/\/barcodedata.ch\/en\/wp-json\/wp\/v2\/product\/16373\/revisions\/16995"}],"wp:featuredmedia":[{"embeddable":true,"href":"https:\/\/barcodedata.ch\/en\/wp-json\/wp\/v2\/media\/16377"}],"wp:attachment":[{"href":"https:\/\/barcodedata.ch\/en\/wp-json\/wp\/v2\/media?parent=16373"}],"wp:term":[{"taxonomy":"product_brand","embeddable":true,"href":"https:\/\/barcodedata.ch\/en\/wp-json\/wp\/v2\/product_brand?post=16373"},{"taxonomy":"product_cat","embeddable":true,"href":"https:\/\/barcodedata.ch\/en\/wp-json\/wp\/v2\/product_cat?post=16373"},{"taxonomy":"product_tag","embeddable":true,"href":"https:\/\/barcodedata.ch\/en\/wp-json\/wp\/v2\/product_tag?post=16373"}],"curies":[{"name":"wp","href":"https:\/\/api.w.org\/{rel}","templated":true}]}}