{"id":16358,"date":"2025-05-09T13:20:04","date_gmt":"2025-05-09T11:20:04","guid":{"rendered":"https:\/\/barcodedata.ch\/?post_type=product&#038;p=16358"},"modified":"2026-03-14T18:39:30","modified_gmt":"2026-03-14T17:39:30","slug":"l-250","status":"publish","type":"product","link":"https:\/\/barcodedata.ch\/en\/product\/l-250\/","title":{"rendered":"L-250"},"content":{"rendered":"<h1 data-start=\"88\" data-end=\"636\"><strong data-start=\"88\" data-end=\"162\">Scanner \u00e0 code-barres portable L-250 \u2013 Rapide, pr\u00e9cis et antimicrobien<\/strong><\/h1>\n<p data-start=\"88\" data-end=\"636\">Alliant expertise japonaise et ing\u00e9nierie europ\u00e9enne, le L-250 est un scanner 2D ultra-performant, l\u00e9ger (112 g) et ergonomique. Gr\u00e2ce \u00e0 son capteur CMOS 100 fps et son processeur 1.2 GHz, il garantit des lectures rapides m\u00eame en mouvement. Sa surface antimicrobienne assure une hygi\u00e8ne optimale, id\u00e9ale pour le retail, la logistique ou la sant\u00e9. Compatible USB-HID et USB-COM, il offre une connectivit\u00e9 flexible et une grande robustesse (r\u00e9sistance aux chutes de 1,5 m).<\/p>\n<p>&nbsp;<\/p>","protected":false},"excerpt":{"rendered":"<p>Le <strong data-start=\"193\" data-end=\"214\">Opticon L-250<\/strong>\u00a0est un <strong data-start=\"222\" data-end=\"280\">scanner de codes-barres 2D filaire hautes performances<\/strong>, con\u00e7u pour offrir une <strong data-start=\"304\" data-end=\"346\">lecture rapide, pr\u00e9cise et polyvalente<\/strong> des codes-barres 1D et 2D. Issu de l\u2019expertise d\u2019Opticon, il combine une <strong data-start=\"420\" data-end=\"459\">technologie de capture avanc\u00e9e CMOS<\/strong>, une <strong data-start=\"465\" data-end=\"495\">connectivit\u00e9 USB composite<\/strong> et une conception ergonomique pour un usage quotidien intensif. Ce scanner est <strong data-start=\"575\" data-end=\"614\">l\u00e9ger, robuste et facile \u00e0 int\u00e9grer<\/strong> dans les environnements de vente, logistique, sant\u00e9 ou services.<\/p>","protected":false},"featured_media":16364,"template":"","meta":[],"product_brand":[193],"product_cat":[160,166,174],"product_tag":[],"class_list":{"0":"post-16358","1":"product","2":"type-product","3":"status-publish","4":"has-post-thumbnail","6":"product_brand-opticon","7":"product_cat-lecteurs-codes-barres","8":"product_cat-lecteurs-filaires","9":"product_cat-lecteurs-filaires-2d","11":"first","12":"instock","13":"taxable","14":"shipping-taxable","15":"purchasable","16":"product-type-simple"},"_links":{"self":[{"href":"https:\/\/barcodedata.ch\/en\/wp-json\/wp\/v2\/product\/16358","targetHints":{"allow":["GET"]}}],"collection":[{"href":"https:\/\/barcodedata.ch\/en\/wp-json\/wp\/v2\/product"}],"about":[{"href":"https:\/\/barcodedata.ch\/en\/wp-json\/wp\/v2\/types\/product"}],"version-history":[{"count":8,"href":"https:\/\/barcodedata.ch\/en\/wp-json\/wp\/v2\/product\/16358\/revisions"}],"predecessor-version":[{"id":17316,"href":"https:\/\/barcodedata.ch\/en\/wp-json\/wp\/v2\/product\/16358\/revisions\/17316"}],"wp:featuredmedia":[{"embeddable":true,"href":"https:\/\/barcodedata.ch\/en\/wp-json\/wp\/v2\/media\/16364"}],"wp:attachment":[{"href":"https:\/\/barcodedata.ch\/en\/wp-json\/wp\/v2\/media?parent=16358"}],"wp:term":[{"taxonomy":"product_brand","embeddable":true,"href":"https:\/\/barcodedata.ch\/en\/wp-json\/wp\/v2\/product_brand?post=16358"},{"taxonomy":"product_cat","embeddable":true,"href":"https:\/\/barcodedata.ch\/en\/wp-json\/wp\/v2\/product_cat?post=16358"},{"taxonomy":"product_tag","embeddable":true,"href":"https:\/\/barcodedata.ch\/en\/wp-json\/wp\/v2\/product_tag?post=16358"}],"curies":[{"name":"wp","href":"https:\/\/api.w.org\/{rel}","templated":true}]}}