{"id":16344,"date":"2025-05-09T13:21:48","date_gmt":"2025-05-09T11:21:48","guid":{"rendered":"https:\/\/barcodedata.ch\/?post_type=product&#038;p=16344"},"modified":"2026-03-29T19:46:18","modified_gmt":"2026-03-29T17:46:18","slug":"opr-2001z","status":"publish","type":"product","link":"https:\/\/barcodedata.ch\/en\/product\/opr-2001z\/","title":{"rendered":"OPR-2001Z"},"content":{"rendered":"<p data-start=\"363\" data-end=\"758\">Le <strong data-start=\"366\" data-end=\"391\">Opticon OPR-2001Z<\/strong>\u00a0est un <strong data-start=\"399\" data-end=\"453\">scanner laser 1D filaire ultra-l\u00e9ger et performant<\/strong>, pens\u00e9 pour les environnements professionnels o\u00f9 la lecture de codes-barres doit \u00eatre <strong data-start=\"540\" data-end=\"579\">rapide, fiable et sans encombrement<\/strong>. Gr\u00e2ce \u00e0 son design <strong data-start=\"600\" data-end=\"622\">fin et ergonomique<\/strong>, il s\u2019int\u00e8gre parfaitement sur un <strong data-start=\"657\" data-end=\"707\">comptoir de caisse, point de service ou bureau<\/strong>, tout en offrant une exp\u00e9rience de lecture fluide.<\/p>\n<p data-start=\"760\" data-end=\"1132\">Livr\u00e9 avec son <strong data-start=\"775\" data-end=\"797\">stand mains libres<\/strong>, ce scanner permet de lib\u00e9rer tes mains pendant les op\u00e9rations intensives, en passant automatiquement en mode de lecture lorsque l\u2019appareil est plac\u00e9 sur le support. Il peut lire m\u00eame des codes-barres \u00e0 <strong data-start=\"1001\" data-end=\"1021\">faible contraste<\/strong> avec une grande pr\u00e9cision, ce qui am\u00e9liore la productivit\u00e9 au quotidien.<\/p>","protected":false},"excerpt":{"rendered":"<p>Le <strong data-start=\"366\" data-end=\"391\">Opticon OPR-2001Z<\/strong>\u00a0est un <strong data-start=\"399\" data-end=\"453\">scanner laser 1D filaire ultra-l\u00e9ger et performant<\/strong>, pens\u00e9 pour les environnements professionnels o\u00f9 la lecture de codes-barres doit \u00eatre <strong data-start=\"540\" data-end=\"579\">rapide, fiable et sans encombrement<\/strong>.<\/p>","protected":false},"featured_media":16347,"template":"","meta":[],"product_brand":[193],"product_cat":[166,173],"product_tag":[],"class_list":{"0":"post-16344","1":"product","2":"type-product","3":"status-publish","4":"has-post-thumbnail","6":"product_brand-opticon","7":"product_cat-lecteurs-filaires","8":"product_cat-lecteurs-filaires-1d","10":"first","11":"instock","12":"taxable","13":"shipping-taxable","14":"purchasable","15":"product-type-variable"},"_links":{"self":[{"href":"https:\/\/barcodedata.ch\/en\/wp-json\/wp\/v2\/product\/16344","targetHints":{"allow":["GET"]}}],"collection":[{"href":"https:\/\/barcodedata.ch\/en\/wp-json\/wp\/v2\/product"}],"about":[{"href":"https:\/\/barcodedata.ch\/en\/wp-json\/wp\/v2\/types\/product"}],"version-history":[{"count":4,"href":"https:\/\/barcodedata.ch\/en\/wp-json\/wp\/v2\/product\/16344\/revisions"}],"predecessor-version":[{"id":17322,"href":"https:\/\/barcodedata.ch\/en\/wp-json\/wp\/v2\/product\/16344\/revisions\/17322"}],"wp:featuredmedia":[{"embeddable":true,"href":"https:\/\/barcodedata.ch\/en\/wp-json\/wp\/v2\/media\/16347"}],"wp:attachment":[{"href":"https:\/\/barcodedata.ch\/en\/wp-json\/wp\/v2\/media?parent=16344"}],"wp:term":[{"taxonomy":"product_brand","embeddable":true,"href":"https:\/\/barcodedata.ch\/en\/wp-json\/wp\/v2\/product_brand?post=16344"},{"taxonomy":"product_cat","embeddable":true,"href":"https:\/\/barcodedata.ch\/en\/wp-json\/wp\/v2\/product_cat?post=16344"},{"taxonomy":"product_tag","embeddable":true,"href":"https:\/\/barcodedata.ch\/en\/wp-json\/wp\/v2\/product_tag?post=16344"}],"curies":[{"name":"wp","href":"https:\/\/api.w.org\/{rel}","templated":true}]}}