{"id":16332,"date":"2025-05-09T13:21:22","date_gmt":"2025-05-09T11:21:22","guid":{"rendered":"https:\/\/barcodedata.ch\/?post_type=product&#038;p=16332"},"modified":"2026-03-22T01:33:23","modified_gmt":"2026-03-22T00:33:23","slug":"opl-6845s","status":"publish","type":"product","link":"https:\/\/barcodedata.ch\/en\/product\/opl-6845s\/","title":{"rendered":"OPL-6845S"},"content":{"rendered":"<p data-start=\"281\" data-end=\"720\">Le <strong data-start=\"284\" data-end=\"305\">Opticon OPL-6845S<\/strong> est un <strong data-start=\"313\" data-end=\"357\">scanner de codes-barres laser 1D filaire<\/strong> au design compact, moderne et tr\u00e8s l\u00e9ger, con\u00e7u pour offrir une <strong data-start=\"422\" data-end=\"451\">lecture rapide et pr\u00e9cise<\/strong> des codes-barres lin\u00e9aires standards. Il allie performance, ergonomie et robustesse pour r\u00e9pondre aux besoins quotidiens des environnements professionnels tels que les <strong data-start=\"620\" data-end=\"681\">points de vente, comptoirs de service ou entrep\u00f4ts l\u00e9gers<\/strong>.<\/p>\n<p data-start=\"722\" data-end=\"1061\">Ce lecteur est muni d\u2019un <strong data-start=\"747\" data-end=\"781\">module laser haute performance<\/strong> capable de capturer jusqu\u2019\u00e0 <strong data-start=\"810\" data-end=\"835\">100 scans par seconde<\/strong>, et il offre des modes de d\u00e9clenchement <strong data-start=\"876\" data-end=\"901\">manuel ou automatique<\/strong> lorsqu\u2019il est utilis\u00e9 avec son <strong data-start=\"933\" data-end=\"951\">support inclus<\/strong>, ce qui le rend parfaitement adapt\u00e9 \u00e0 une utilisation <strong data-start=\"1006\" data-end=\"1022\">mains libres<\/strong>.<\/p>","protected":false},"excerpt":{"rendered":"<p>Le <strong data-start=\"284\" data-end=\"305\">Opticon OPL-6845S<\/strong> est un <strong data-start=\"313\" data-end=\"357\">scanner de codes-barres laser 1D filaire<\/strong> au design compact, moderne et tr\u00e8s l\u00e9ger, con\u00e7u pour offrir une <strong data-start=\"422\" data-end=\"451\">lecture rapide et pr\u00e9cise<\/strong> des codes-barres lin\u00e9aires standards.<\/p>","protected":false},"featured_media":16337,"template":"","meta":[],"product_brand":[193],"product_cat":[166,173],"product_tag":[],"class_list":{"0":"post-16332","1":"product","2":"type-product","3":"status-publish","4":"has-post-thumbnail","6":"product_brand-opticon","7":"product_cat-lecteurs-filaires","8":"product_cat-lecteurs-filaires-1d","10":"first","11":"instock","12":"taxable","13":"shipping-taxable","14":"purchasable","15":"product-type-variable"},"_links":{"self":[{"href":"https:\/\/barcodedata.ch\/en\/wp-json\/wp\/v2\/product\/16332","targetHints":{"allow":["GET"]}}],"collection":[{"href":"https:\/\/barcodedata.ch\/en\/wp-json\/wp\/v2\/product"}],"about":[{"href":"https:\/\/barcodedata.ch\/en\/wp-json\/wp\/v2\/types\/product"}],"version-history":[{"count":3,"href":"https:\/\/barcodedata.ch\/en\/wp-json\/wp\/v2\/product\/16332\/revisions"}],"predecessor-version":[{"id":17004,"href":"https:\/\/barcodedata.ch\/en\/wp-json\/wp\/v2\/product\/16332\/revisions\/17004"}],"wp:featuredmedia":[{"embeddable":true,"href":"https:\/\/barcodedata.ch\/en\/wp-json\/wp\/v2\/media\/16337"}],"wp:attachment":[{"href":"https:\/\/barcodedata.ch\/en\/wp-json\/wp\/v2\/media?parent=16332"}],"wp:term":[{"taxonomy":"product_brand","embeddable":true,"href":"https:\/\/barcodedata.ch\/en\/wp-json\/wp\/v2\/product_brand?post=16332"},{"taxonomy":"product_cat","embeddable":true,"href":"https:\/\/barcodedata.ch\/en\/wp-json\/wp\/v2\/product_cat?post=16332"},{"taxonomy":"product_tag","embeddable":true,"href":"https:\/\/barcodedata.ch\/en\/wp-json\/wp\/v2\/product_tag?post=16332"}],"curies":[{"name":"wp","href":"https:\/\/api.w.org\/{rel}","templated":true}]}}