{"id":16329,"date":"2025-05-09T13:21:00","date_gmt":"2025-05-09T11:21:00","guid":{"rendered":"https:\/\/barcodedata.ch\/?post_type=product&#038;p=16329"},"modified":"2026-03-29T19:48:42","modified_gmt":"2026-03-29T17:48:42","slug":"opr-3201z","status":"publish","type":"product","link":"https:\/\/barcodedata.ch\/en\/product\/opr-3201z\/","title":{"rendered":"OPR-3201Z"},"content":{"rendered":"<p data-start=\"289\" data-end=\"689\">Le <strong data-start=\"292\" data-end=\"317\">Opticon OPR-3201Z <\/strong>\u00a0est un <strong data-start=\"325\" data-end=\"369\">scanner de codes-barres 1D filaire laser<\/strong> fiable et performant, sp\u00e9cialement con\u00e7u pour les environnements professionnels o\u00f9 la <strong data-start=\"456\" data-end=\"507\">rapidit\u00e9, pr\u00e9cision et simplicit\u00e9 d\u2019utilisation<\/strong> sont indispensables. Gr\u00e2ce \u00e0 sa <strong data-start=\"540\" data-end=\"569\">connexion USB Plug &amp; Play<\/strong>, il s\u2019int\u00e8gre imm\u00e9diatement \u00e0 un ordinateur, une caisse enregistreuse ou un terminal POS sans configuration complexe.<\/p>\n<p data-start=\"691\" data-end=\"962\">Compact, l\u00e9ger et ergonomique, il est id\u00e9al pour les <strong data-start=\"744\" data-end=\"851\">points de vente, comptoirs de caisse, services clients, inventaires ou t\u00e2ches bureautiques quotidiennes<\/strong>. Son mode mains libres (avec stand) facilite les op\u00e9rations r\u00e9p\u00e9titives pour un confort d\u2019utilisation maximal.<\/p>","protected":false},"excerpt":{"rendered":"<p>Le <strong data-start=\"292\" data-end=\"317\">Opticon OPR-3201Z <\/strong>\u00a0est un <strong data-start=\"325\" data-end=\"369\">scanner de codes-barres 1D filaire laser<\/strong> fiable et performant, sp\u00e9cialement con\u00e7u pour les environnements professionnels o\u00f9 la <strong data-start=\"456\" data-end=\"507\">rapidit\u00e9, pr\u00e9cision et simplicit\u00e9 d\u2019utilisation<\/strong> sont indispensables.<\/p>","protected":false},"featured_media":16330,"template":"","meta":[],"product_brand":[193],"product_cat":[166,173],"product_tag":[],"class_list":{"0":"post-16329","1":"product","2":"type-product","3":"status-publish","4":"has-post-thumbnail","6":"product_brand-opticon","7":"product_cat-lecteurs-filaires","8":"product_cat-lecteurs-filaires-1d","10":"first","11":"instock","12":"taxable","13":"shipping-taxable","14":"purchasable","15":"product-type-variable"},"_links":{"self":[{"href":"https:\/\/barcodedata.ch\/en\/wp-json\/wp\/v2\/product\/16329","targetHints":{"allow":["GET"]}}],"collection":[{"href":"https:\/\/barcodedata.ch\/en\/wp-json\/wp\/v2\/product"}],"about":[{"href":"https:\/\/barcodedata.ch\/en\/wp-json\/wp\/v2\/types\/product"}],"version-history":[{"count":3,"href":"https:\/\/barcodedata.ch\/en\/wp-json\/wp\/v2\/product\/16329\/revisions"}],"predecessor-version":[{"id":17013,"href":"https:\/\/barcodedata.ch\/en\/wp-json\/wp\/v2\/product\/16329\/revisions\/17013"}],"wp:featuredmedia":[{"embeddable":true,"href":"https:\/\/barcodedata.ch\/en\/wp-json\/wp\/v2\/media\/16330"}],"wp:attachment":[{"href":"https:\/\/barcodedata.ch\/en\/wp-json\/wp\/v2\/media?parent=16329"}],"wp:term":[{"taxonomy":"product_brand","embeddable":true,"href":"https:\/\/barcodedata.ch\/en\/wp-json\/wp\/v2\/product_brand?post=16329"},{"taxonomy":"product_cat","embeddable":true,"href":"https:\/\/barcodedata.ch\/en\/wp-json\/wp\/v2\/product_cat?post=16329"},{"taxonomy":"product_tag","embeddable":true,"href":"https:\/\/barcodedata.ch\/en\/wp-json\/wp\/v2\/product_tag?post=16329"}],"curies":[{"name":"wp","href":"https:\/\/api.w.org\/{rel}","templated":true}]}}