{"id":16294,"date":"2025-01-29T08:53:42","date_gmt":"2025-01-29T07:53:42","guid":{"rendered":"https:\/\/barcodedata.ch\/?post_type=product&#038;p=16294"},"modified":"2026-03-23T22:27:30","modified_gmt":"2026-03-23T21:27:30","slug":"q-250","status":"publish","type":"product","link":"https:\/\/barcodedata.ch\/en\/product\/q-250\/","title":{"rendered":"Q-250"},"content":{"rendered":"<p data-start=\"237\" data-end=\"577\">Le <strong data-start=\"240\" data-end=\"257\">Opticon Q-250<\/strong> est un <strong data-start=\"265\" data-end=\"325\">scan engine \u00e0 montage fixe bas\u00e9 sur une imagerie 2D CMOS<\/strong> con\u00e7u pour des applications OEM, kiosques, points de vente, syst\u00e8mes de billetterie, automates et lignes de production o\u00f9 la lecture des codes se fait de mani\u00e8re <strong data-start=\"488\" data-end=\"538\">mains-libres ou int\u00e9gr\u00e9e dans un produit final<\/strong>.<\/p>\n<p data-start=\"579\" data-end=\"935\">Il inclut un <strong data-start=\"592\" data-end=\"637\">capteur CMOS haute r\u00e9solution (640 \u00d7 480)<\/strong> avec un <strong data-start=\"646\" data-end=\"670\">objectif grand angle<\/strong> et un <strong data-start=\"677\" data-end=\"733\">taux de capture \u00e9lev\u00e9 jusqu\u2019\u00e0 120 images par seconde<\/strong>, ce qui procure une lecture <strong data-start=\"762\" data-end=\"816\">rapide, fiable et fluide des codes-barres 1D et 2D<\/strong> m\u00eame dans des conditions difficiles (angles vari\u00e9s, \u00e9crans r\u00e9tro\u00e9clair\u00e9s, etc.).<\/p>\n<p data-start=\"937\" data-end=\"1118\">Ce mod\u00e8le est livr\u00e9 <strong data-start=\"957\" data-end=\"973\">sans bo\u00eetier<\/strong> pour permettre aux fabricants d\u2019int\u00e9grer l\u2019unit\u00e9 <strong data-start=\"1023\" data-end=\"1079\">directement dans leur propre appareil ou produit OEM<\/strong>.<\/p>","protected":false},"excerpt":{"rendered":"<p data-start=\"4612\" data-end=\"4744\"><strong data-start=\"5333\" data-end=\"5350\">Opticon Q-250<\/strong> \u2013 <em data-start=\"5353\" data-end=\"5533\">Module scan engine fixe 2D CMOS ultra-rapide (120 fps), grand angle, interfaces USB &amp; RS-232, optimis\u00e9 pour int\u00e9gration OEM dans kiosques, POS, automates et lignes de production.<\/em><\/p>","protected":false},"featured_media":16295,"template":"","meta":[],"product_brand":[193],"product_cat":[171,182],"product_tag":[],"class_list":{"0":"post-16294","1":"product","2":"type-product","3":"status-publish","4":"has-post-thumbnail","6":"product_brand-opticon","7":"product_cat-lecteurs-fixes","8":"product_cat-lecteurs-fixes-2d","10":"first","11":"instock","12":"taxable","13":"shipping-taxable","14":"purchasable","15":"product-type-simple"},"_links":{"self":[{"href":"https:\/\/barcodedata.ch\/en\/wp-json\/wp\/v2\/product\/16294","targetHints":{"allow":["GET"]}}],"collection":[{"href":"https:\/\/barcodedata.ch\/en\/wp-json\/wp\/v2\/product"}],"about":[{"href":"https:\/\/barcodedata.ch\/en\/wp-json\/wp\/v2\/types\/product"}],"version-history":[{"count":3,"href":"https:\/\/barcodedata.ch\/en\/wp-json\/wp\/v2\/product\/16294\/revisions"}],"predecessor-version":[{"id":17269,"href":"https:\/\/barcodedata.ch\/en\/wp-json\/wp\/v2\/product\/16294\/revisions\/17269"}],"wp:featuredmedia":[{"embeddable":true,"href":"https:\/\/barcodedata.ch\/en\/wp-json\/wp\/v2\/media\/16295"}],"wp:attachment":[{"href":"https:\/\/barcodedata.ch\/en\/wp-json\/wp\/v2\/media?parent=16294"}],"wp:term":[{"taxonomy":"product_brand","embeddable":true,"href":"https:\/\/barcodedata.ch\/en\/wp-json\/wp\/v2\/product_brand?post=16294"},{"taxonomy":"product_cat","embeddable":true,"href":"https:\/\/barcodedata.ch\/en\/wp-json\/wp\/v2\/product_cat?post=16294"},{"taxonomy":"product_tag","embeddable":true,"href":"https:\/\/barcodedata.ch\/en\/wp-json\/wp\/v2\/product_tag?post=16294"}],"curies":[{"name":"wp","href":"https:\/\/api.w.org\/{rel}","templated":true}]}}