{"id":16285,"date":"2025-01-29T08:08:52","date_gmt":"2025-01-29T07:08:52","guid":{"rendered":"https:\/\/barcodedata.ch\/?post_type=product&#038;p=16285"},"modified":"2026-03-25T00:41:16","modified_gmt":"2026-03-24T23:41:16","slug":"nlv-5201","status":"publish","type":"product","link":"https:\/\/barcodedata.ch\/en\/product\/nlv-5201\/","title":{"rendered":"NLV-5201"},"content":{"rendered":"<p data-start=\"295\" data-end=\"779\">Le <strong data-start=\"298\" data-end=\"318\">Opticon NLV-5201<\/strong> est un <strong data-start=\"326\" data-end=\"363\">scanner fixe \u00e0 imagerie 2D (CMOS)<\/strong> tr\u00e8s compact, id\u00e9al pour une <strong data-start=\"393\" data-end=\"431\">lecture mains-libres et permanente<\/strong> de codes-barres <strong data-start=\"448\" data-end=\"460\">1D et 2D<\/strong> dans des applications OEM, points de service, kiosques ou lignes de production. Il combine un <strong data-start=\"555\" data-end=\"608\">capteur CMOS haute vitesse (jusqu\u2019\u00e0 100 images\/s)<\/strong> avec un <strong data-start=\"617\" data-end=\"637\">d\u00e9codeur int\u00e9gr\u00e9<\/strong>, garantissant une capture fluide m\u00eame sur <strong data-start=\"680\" data-end=\"740\">superfaces courbes, larges, mal imprim\u00e9es ou endommag\u00e9es<\/strong>.<\/p>\n<p data-start=\"781\" data-end=\"1119\">Ce mod\u00e8le est disponible en plusieurs versions focales (<strong data-start=\"837\" data-end=\"880\">Standard, HD et UD \u2013 Ultra High Density<\/strong>) pour optimiser la lecture selon la distance et la densit\u00e9 de code requises, ainsi qu\u2019avec diff\u00e9rentes interfaces (<strong data-start=\"996\" data-end=\"1026\">RS232C loose end \/ USB HID<\/strong>), ce qui le rend <strong data-start=\"1044\" data-end=\"1080\">hautement adaptable \u00e0 ton projet<\/strong>.<\/p>\n<p data-start=\"1121\" data-end=\"1310\">Son <strong data-start=\"1125\" data-end=\"1154\">indice de protection IP65<\/strong> prot\u00e8ge contre poussi\u00e8re et projections d\u2019eau, ce qui en fait une solution robuste pour des environnements exigeants.<\/p>","protected":false},"excerpt":{"rendered":"<p>Le <strong data-start=\"5287\" data-end=\"5346\">Opticon NLV-5201 (RS232C(LE) | UD RS232C(LE) | USB HID)<\/strong> est un <strong data-start=\"5354\" data-end=\"5392\">scanner 2D CMOS fixe ultra-compact<\/strong>, 100 fps, IP65, avec interfaces <strong data-start=\"5425\" data-end=\"5441\">RS-232 S\u00e9rie<\/strong> et <strong data-start=\"5445\" data-end=\"5456\">USB HID<\/strong>, adapt\u00e9 \u00e0 l\u2019int\u00e9gration OEM, kiosques, points de vente, logistique et syst\u00e8mes automatis\u00e9s.<\/p>","protected":false},"featured_media":16286,"template":"","meta":[],"product_brand":[193],"product_cat":[171,182],"product_tag":[],"class_list":{"0":"post-16285","1":"product","2":"type-product","3":"status-publish","4":"has-post-thumbnail","6":"product_brand-opticon","7":"product_cat-lecteurs-fixes","8":"product_cat-lecteurs-fixes-2d","10":"first","11":"instock","12":"taxable","13":"shipping-taxable","14":"purchasable","15":"product-type-variable"},"_links":{"self":[{"href":"https:\/\/barcodedata.ch\/en\/wp-json\/wp\/v2\/product\/16285","targetHints":{"allow":["GET"]}}],"collection":[{"href":"https:\/\/barcodedata.ch\/en\/wp-json\/wp\/v2\/product"}],"about":[{"href":"https:\/\/barcodedata.ch\/en\/wp-json\/wp\/v2\/types\/product"}],"version-history":[{"count":3,"href":"https:\/\/barcodedata.ch\/en\/wp-json\/wp\/v2\/product\/16285\/revisions"}],"predecessor-version":[{"id":17252,"href":"https:\/\/barcodedata.ch\/en\/wp-json\/wp\/v2\/product\/16285\/revisions\/17252"}],"wp:featuredmedia":[{"embeddable":true,"href":"https:\/\/barcodedata.ch\/en\/wp-json\/wp\/v2\/media\/16286"}],"wp:attachment":[{"href":"https:\/\/barcodedata.ch\/en\/wp-json\/wp\/v2\/media?parent=16285"}],"wp:term":[{"taxonomy":"product_brand","embeddable":true,"href":"https:\/\/barcodedata.ch\/en\/wp-json\/wp\/v2\/product_brand?post=16285"},{"taxonomy":"product_cat","embeddable":true,"href":"https:\/\/barcodedata.ch\/en\/wp-json\/wp\/v2\/product_cat?post=16285"},{"taxonomy":"product_tag","embeddable":true,"href":"https:\/\/barcodedata.ch\/en\/wp-json\/wp\/v2\/product_tag?post=16285"}],"curies":[{"name":"wp","href":"https:\/\/api.w.org\/{rel}","templated":true}]}}