{"id":16278,"date":"2025-01-29T07:55:16","date_gmt":"2025-01-29T06:55:16","guid":{"rendered":"https:\/\/barcodedata.ch\/?post_type=product&#038;p=16278"},"modified":"2026-03-25T01:06:44","modified_gmt":"2026-03-25T00:06:44","slug":"nlv-1001-laser-usb-et-rs232-100-vitesses-par-seconde","status":"publish","type":"product","link":"https:\/\/barcodedata.ch\/en\/product\/nlv-1001-laser-usb-et-rs232-100-vitesses-par-seconde\/","title":{"rendered":"NLV-1001"},"content":{"rendered":"<p data-start=\"247\" data-end=\"568\">Le <strong data-start=\"250\" data-end=\"270\">Opticon NLV-1001<\/strong> est un <strong data-start=\"278\" data-end=\"338\">scanner de codes-barres laser fixe de type <em data-start=\"323\" data-end=\"336\">fixed mount<\/em><\/strong>, sp\u00e9cialement con\u00e7u pour capturer efficacement des <strong data-start=\"390\" data-end=\"409\">codes-barres 1D<\/strong> dans des applications industrielles, commerciales ou automatis\u00e9es o\u00f9 une lecture permanente et mains-libres est requise.<\/p>\n<p data-start=\"570\" data-end=\"832\">Il embarque un <strong data-start=\"585\" data-end=\"616\">moteur laser bidirectionnel<\/strong> capable de traiter jusqu\u2019\u00e0 <strong data-start=\"644\" data-end=\"669\">100 scans par seconde<\/strong>, associ\u00e9 \u00e0 un d\u00e9codage embarqu\u00e9 complet, ce qui assure une <strong data-start=\"729\" data-end=\"766\">lecture rapide, pr\u00e9cise et fiable<\/strong> sans intervention manuelle.<\/p>\n<p data-start=\"834\" data-end=\"1038\">Ce mod\u00e8le est disponible avec <strong data-start=\"864\" data-end=\"892\">interfaces USB (HID)<\/strong> et <strong data-start=\"896\" data-end=\"906\">RS-232<\/strong>, ce qui facilite la connexion directe \u00e0 des contr\u00f4leurs, PC, automates ou syst\u00e8mes embarqu\u00e9s.<\/p>","protected":false},"excerpt":{"rendered":"<p><strong data-start=\"5553\" data-end=\"5589\">Opticon NLV-1001 USB HID | RS232<\/strong> \u2014 <em data-start=\"5592\" data-end=\"5773\">Scanner laser 1D fixe, 100 scans\/s, compact, mains-libres, interfaces USB HID\/VCP &amp; RS-232, IP42, parfait pour int\u00e9gration dans kiosques, syst\u00e8mes industriels ou points de service<\/em>.<\/p>","protected":false},"featured_media":16279,"template":"","meta":[],"product_brand":[193],"product_cat":[171,181],"product_tag":[],"class_list":{"0":"post-16278","1":"product","2":"type-product","3":"status-publish","4":"has-post-thumbnail","6":"product_brand-opticon","7":"product_cat-lecteurs-fixes","8":"product_cat-lecteurs-fixes-1d","10":"first","11":"instock","12":"taxable","13":"shipping-taxable","14":"purchasable","15":"product-type-variable"},"_links":{"self":[{"href":"https:\/\/barcodedata.ch\/en\/wp-json\/wp\/v2\/product\/16278","targetHints":{"allow":["GET"]}}],"collection":[{"href":"https:\/\/barcodedata.ch\/en\/wp-json\/wp\/v2\/product"}],"about":[{"href":"https:\/\/barcodedata.ch\/en\/wp-json\/wp\/v2\/types\/product"}],"version-history":[{"count":4,"href":"https:\/\/barcodedata.ch\/en\/wp-json\/wp\/v2\/product\/16278\/revisions"}],"predecessor-version":[{"id":17245,"href":"https:\/\/barcodedata.ch\/en\/wp-json\/wp\/v2\/product\/16278\/revisions\/17245"}],"wp:featuredmedia":[{"embeddable":true,"href":"https:\/\/barcodedata.ch\/en\/wp-json\/wp\/v2\/media\/16279"}],"wp:attachment":[{"href":"https:\/\/barcodedata.ch\/en\/wp-json\/wp\/v2\/media?parent=16278"}],"wp:term":[{"taxonomy":"product_brand","embeddable":true,"href":"https:\/\/barcodedata.ch\/en\/wp-json\/wp\/v2\/product_brand?post=16278"},{"taxonomy":"product_cat","embeddable":true,"href":"https:\/\/barcodedata.ch\/en\/wp-json\/wp\/v2\/product_cat?post=16278"},{"taxonomy":"product_tag","embeddable":true,"href":"https:\/\/barcodedata.ch\/en\/wp-json\/wp\/v2\/product_tag?post=16278"}],"curies":[{"name":"wp","href":"https:\/\/api.w.org\/{rel}","templated":true}]}}