{"id":16259,"date":"2025-01-28T13:44:13","date_gmt":"2025-01-28T12:44:13","guid":{"rendered":"https:\/\/barcodedata.ch\/?post_type=product&#038;p=16259"},"modified":"2026-03-22T01:38:05","modified_gmt":"2026-03-22T00:38:05","slug":"serie-mdi-4000","status":"publish","type":"product","link":"https:\/\/barcodedata.ch\/en\/product\/serie-mdi-4000\/","title":{"rendered":"MDI-4150"},"content":{"rendered":"<p data-start=\"233\" data-end=\"809\">Le <strong data-start=\"236\" data-end=\"256\">Opticon MDI-4150<\/strong> est un <strong data-start=\"264\" data-end=\"325\">moteur de lecture 2D CMOS ultra-fin avec d\u00e9codeur int\u00e9gr\u00e9<\/strong>, optimis\u00e9 pour des int\u00e9grations OEM exigeant une <strong data-start=\"375\" data-end=\"398\">forme tr\u00e8s compacte<\/strong>, une <strong data-start=\"404\" data-end=\"446\">lecture rapide de codes-barres 1D &amp; 2D<\/strong> et une <strong data-start=\"454\" data-end=\"494\">performance \u00e9lev\u00e9e m\u00eame en mouvement<\/strong>. Il fait partie de la s\u00e9rie <strong data-start=\"523\" data-end=\"535\">MDI-4&#215;50<\/strong>, reconnue pour sa <strong data-start=\"554\" data-end=\"595\">taille r\u00e9duite (\u2248 &lt;10 mm d\u2019\u00e9paisseur)<\/strong> et sa capacit\u00e9 \u00e0 lire les code-barres standards, y compris sur \u00e9crans ou supports difficiles, gr\u00e2ce \u00e0 un capteur <strong data-start=\"709\" data-end=\"735\">640\u00d7480 CMOS \u00e0 100 fps<\/strong> avec traitement performant int\u00e9gr\u00e9.<\/p>\n<p data-start=\"811\" data-end=\"1001\">Les versions <strong data-start=\"824\" data-end=\"845\">HD (High Density)<\/strong> et <strong data-start=\"849\" data-end=\"871\">UD (Ultra Density)<\/strong> se distinguent par une <strong data-start=\"895\" data-end=\"935\">distance de focalisation plus courte<\/strong>, ce qui am\u00e9liore la lecture de <strong data-start=\"967\" data-end=\"997\">codes petits ou rapproch\u00e9s<\/strong> :<\/p>\n<ul data-start=\"1002\" data-end=\"1214\">\n<li data-start=\"1002\" data-end=\"1052\">\n<p data-start=\"1004\" data-end=\"1052\"><strong data-start=\"1004\" data-end=\"1010\">HD<\/strong> \u2013 focus ~65 mm (haut niveau de d\u00e9tails)<\/p>\n<\/li>\n<li data-start=\"1053\" data-end=\"1214\">\n<p data-start=\"1055\" data-end=\"1214\"><strong data-start=\"1055\" data-end=\"1061\">UD<\/strong> \u2013 focus ~45 mm (densit\u00e9 ultra-\u00e9lev\u00e9e)<br data-start=\"1099\" data-end=\"1102\" \/>Cela permet d\u2019adapter la lecture aux besoins sp\u00e9cifiques de l\u2019application.<\/p>\n<\/li>\n<\/ul>","protected":false},"excerpt":{"rendered":"<p><strong data-start=\"5887\" data-end=\"5916\">Opticon MDI-4150 HD \/ UHD<\/strong> : <em data-start=\"5919\" data-end=\"6151\">Imager OEM 2D ultra-fin avec lecteur rapide 1D\/2D int\u00e9gr\u00e9, capteur CMOS 640\u00d7480 \u00e0 100 fps, interfaces USB\/Serial\/CMOS, adapt\u00e9 aux int\u00e9grations compactes dans terminaux mobiles, kiosques, produits OEM, bornes ou syst\u00e8mes embarqu\u00e9s.<\/em><\/p>","protected":false},"featured_media":16260,"template":"","meta":[],"product_brand":[193],"product_cat":[172,184],"product_tag":[],"class_list":{"0":"post-16259","1":"product","2":"type-product","3":"status-publish","4":"has-post-thumbnail","6":"product_brand-opticon","7":"product_cat-lecteurs-oem","8":"product_cat-lecteurs-oem-2d","10":"first","11":"instock","12":"taxable","13":"shipping-taxable","14":"purchasable","15":"product-type-variable"},"_links":{"self":[{"href":"https:\/\/barcodedata.ch\/en\/wp-json\/wp\/v2\/product\/16259","targetHints":{"allow":["GET"]}}],"collection":[{"href":"https:\/\/barcodedata.ch\/en\/wp-json\/wp\/v2\/product"}],"about":[{"href":"https:\/\/barcodedata.ch\/en\/wp-json\/wp\/v2\/types\/product"}],"version-history":[{"count":4,"href":"https:\/\/barcodedata.ch\/en\/wp-json\/wp\/v2\/product\/16259\/revisions"}],"predecessor-version":[{"id":17203,"href":"https:\/\/barcodedata.ch\/en\/wp-json\/wp\/v2\/product\/16259\/revisions\/17203"}],"wp:featuredmedia":[{"embeddable":true,"href":"https:\/\/barcodedata.ch\/en\/wp-json\/wp\/v2\/media\/16260"}],"wp:attachment":[{"href":"https:\/\/barcodedata.ch\/en\/wp-json\/wp\/v2\/media?parent=16259"}],"wp:term":[{"taxonomy":"product_brand","embeddable":true,"href":"https:\/\/barcodedata.ch\/en\/wp-json\/wp\/v2\/product_brand?post=16259"},{"taxonomy":"product_cat","embeddable":true,"href":"https:\/\/barcodedata.ch\/en\/wp-json\/wp\/v2\/product_cat?post=16259"},{"taxonomy":"product_tag","embeddable":true,"href":"https:\/\/barcodedata.ch\/en\/wp-json\/wp\/v2\/product_tag?post=16259"}],"curies":[{"name":"wp","href":"https:\/\/api.w.org\/{rel}","templated":true}]}}