{"id":16255,"date":"2025-01-28T13:40:35","date_gmt":"2025-01-28T12:40:35","guid":{"rendered":"https:\/\/barcodedata.ch\/?post_type=product&#038;p=16255"},"modified":"2026-03-22T01:38:18","modified_gmt":"2026-03-22T00:38:18","slug":"mdc-200a-ccd","status":"publish","type":"product","link":"https:\/\/barcodedata.ch\/en\/product\/mdc-200a-ccd\/","title":{"rendered":"MDC-200A"},"content":{"rendered":"<p>Le <strong data-start=\"297\" data-end=\"317\">Opticon MDC-200A<\/strong> est un <strong data-start=\"325\" data-end=\"394\">moteur de lecture (scan engine) CCD lin\u00e9aire pour codes-barres 1D<\/strong>, combinant capteur, \u00e9clairage LED et d\u00e9codeur dans un module ultra-compact. Con\u00e7u pour \u00eatre int\u00e9gr\u00e9 dans des terminaux portables, des appareils embarqu\u00e9s ou des dispositifs IoT, il permet de <strong data-start=\"586\" data-end=\"643\">scanner des codes-barres rapidement et avec fiabilit\u00e9<\/strong> tout en conservant une <strong data-start=\"667\" data-end=\"706\">consommation \u00e9lectrique tr\u00e8s faible<\/strong>. Ce module est utilis\u00e9 comme c\u0153ur de lecture dans des lecteurs portables, des terminaux industriels, des appareils m\u00e9dicaux ou des produits OEM personnalis\u00e9s.<\/p>","protected":false},"excerpt":{"rendered":"<p>Le <strong data-start=\"297\" data-end=\"317\">Opticon MDC-200A<\/strong> est un <strong data-start=\"325\" data-end=\"394\">moteur de lecture (scan engine) CCD lin\u00e9aire pour codes-barres 1D<\/strong>, combinant capteur, \u00e9clairage LED et d\u00e9codeur dans un module ultra-compact. Con\u00e7u pour \u00eatre int\u00e9gr\u00e9 dans des terminaux portables, des appareils embarqu\u00e9s ou des dispositifs IoT, il permet de <strong data-start=\"586\" data-end=\"643\">scanner des codes-barres rapidement et avec fiabilit\u00e9<\/strong> tout en conservant une <strong data-start=\"667\" data-end=\"706\">consommation \u00e9lectrique tr\u00e8s faible<\/strong>. Ce module est utilis\u00e9 comme c\u0153ur de lecture dans des lecteurs portables, des terminaux industriels, des appareils m\u00e9dicaux ou des produits OEM personnalis\u00e9s.<\/p>","protected":false},"featured_media":16256,"template":"","meta":[],"product_brand":[193],"product_cat":[172,183],"product_tag":[],"class_list":{"0":"post-16255","1":"product","2":"type-product","3":"status-publish","4":"has-post-thumbnail","6":"product_brand-opticon","7":"product_cat-lecteurs-oem","8":"product_cat-lecteurs-oem-1d","10":"first","11":"instock","12":"taxable","13":"shipping-taxable","14":"purchasable","15":"product-type-simple"},"_links":{"self":[{"href":"https:\/\/barcodedata.ch\/en\/wp-json\/wp\/v2\/product\/16255","targetHints":{"allow":["GET"]}}],"collection":[{"href":"https:\/\/barcodedata.ch\/en\/wp-json\/wp\/v2\/product"}],"about":[{"href":"https:\/\/barcodedata.ch\/en\/wp-json\/wp\/v2\/types\/product"}],"version-history":[{"count":4,"href":"https:\/\/barcodedata.ch\/en\/wp-json\/wp\/v2\/product\/16255\/revisions"}],"predecessor-version":[{"id":17169,"href":"https:\/\/barcodedata.ch\/en\/wp-json\/wp\/v2\/product\/16255\/revisions\/17169"}],"wp:featuredmedia":[{"embeddable":true,"href":"https:\/\/barcodedata.ch\/en\/wp-json\/wp\/v2\/media\/16256"}],"wp:attachment":[{"href":"https:\/\/barcodedata.ch\/en\/wp-json\/wp\/v2\/media?parent=16255"}],"wp:term":[{"taxonomy":"product_brand","embeddable":true,"href":"https:\/\/barcodedata.ch\/en\/wp-json\/wp\/v2\/product_brand?post=16255"},{"taxonomy":"product_cat","embeddable":true,"href":"https:\/\/barcodedata.ch\/en\/wp-json\/wp\/v2\/product_cat?post=16255"},{"taxonomy":"product_tag","embeddable":true,"href":"https:\/\/barcodedata.ch\/en\/wp-json\/wp\/v2\/product_tag?post=16255"}],"curies":[{"name":"wp","href":"https:\/\/api.w.org\/{rel}","templated":true}]}}