{"id":16246,"date":"2025-01-28T08:11:50","date_gmt":"2025-01-28T07:11:50","guid":{"rendered":"https:\/\/barcodedata.ch\/?post_type=product&#038;p=16246"},"modified":"2026-03-22T01:38:31","modified_gmt":"2026-03-22T00:38:31","slug":"f-70","status":"publish","type":"product","link":"https:\/\/barcodedata.ch\/en\/product\/f-70\/","title":{"rendered":"F-70"},"content":{"rendered":"<p data-start=\"169\" data-end=\"588\">Le <strong data-start=\"172\" data-end=\"188\">Opticon F-70<\/strong> est un <strong data-start=\"196\" data-end=\"255\">scanner de codes-barres 1D \u00e0 montage fixe (fixed mount)<\/strong> con\u00e7u pour des applications industrielles, commerciales ou OEM o\u00f9 une lecture fr\u00e9quente et automatique est requise. Il offre une <strong data-start=\"385\" data-end=\"444\">vitesse de lecture \u00e9lev\u00e9e jusqu\u2019\u00e0 700 scans par seconde<\/strong>, ce qui permet une capture rapide et fiable des codes-barres en un point fixe sans intervention manuelle.<\/p>\n<p data-start=\"590\" data-end=\"623\">Deux mod\u00e8les sont disponibles :<\/p>\n<ul data-start=\"624\" data-end=\"999\">\n<li data-start=\"624\" data-end=\"694\">\n<p data-start=\"626\" data-end=\"694\"><strong data-start=\"626\" data-end=\"636\">F-70 I<\/strong> \u2013 fen\u00eatre de lecture orient\u00e9e vers l\u2019avant (front view)<\/p>\n<\/li>\n<li data-start=\"695\" data-end=\"999\">\n<p data-start=\"697\" data-end=\"999\"><strong data-start=\"697\" data-end=\"707\">F-70 L<\/strong> \u2013 fen\u00eatre de lecture orient\u00e9e sur le c\u00f4t\u00e9 (side view)<\/p>\n<\/li>\n<\/ul>\n<p data-start=\"697\" data-end=\"999\">La version \u00ab I \u00bb est id\u00e9ale lorsque le code \u00e0 lire arrive directement face au scanner, tandis que la version \u00ab L \u00bb est adapt\u00e9e aux configurations o\u00f9 le code passe lat\u00e9ralement devant le lecteur.<\/p>\n<p data-start=\"1001\" data-end=\"1241\">La construction robuste en <strong data-start=\"1028\" data-end=\"1073\">m\u00e9tal prot\u00e8ge l\u2019optique et l\u2019\u00e9lectronique<\/strong>, ce qui facilite l\u2019int\u00e9gration dans des environnements industriels, kiosques autonomes, points de vente ou machines automatis\u00e9es.<\/p>","protected":false},"excerpt":{"rendered":"<p><strong data-start=\"5291\" data-end=\"5313\">Opticon F-70 I \/ L<\/strong> : Scanner fixe CCD 1D haute vitesse (700 scans\/s), bo\u00eetier m\u00e9tallique robuste, interface RS-232, disponible avec fen\u00eatre de lecture frontale (I) ou lat\u00e9rale (L), id\u00e9al pour int\u00e9gration OEM, kiosques, POS et machines automatis\u00e9es.<\/p>","protected":false},"featured_media":16247,"template":"","meta":[],"product_brand":[193],"product_cat":[171,181],"product_tag":[],"class_list":{"0":"post-16246","1":"product","2":"type-product","3":"status-publish","4":"has-post-thumbnail","6":"product_brand-opticon","7":"product_cat-lecteurs-fixes","8":"product_cat-lecteurs-fixes-1d","10":"first","11":"instock","12":"taxable","13":"shipping-taxable","14":"purchasable","15":"product-type-variable"},"_links":{"self":[{"href":"https:\/\/barcodedata.ch\/en\/wp-json\/wp\/v2\/product\/16246","targetHints":{"allow":["GET"]}}],"collection":[{"href":"https:\/\/barcodedata.ch\/en\/wp-json\/wp\/v2\/product"}],"about":[{"href":"https:\/\/barcodedata.ch\/en\/wp-json\/wp\/v2\/types\/product"}],"version-history":[{"count":3,"href":"https:\/\/barcodedata.ch\/en\/wp-json\/wp\/v2\/product\/16246\/revisions"}],"predecessor-version":[{"id":17237,"href":"https:\/\/barcodedata.ch\/en\/wp-json\/wp\/v2\/product\/16246\/revisions\/17237"}],"wp:featuredmedia":[{"embeddable":true,"href":"https:\/\/barcodedata.ch\/en\/wp-json\/wp\/v2\/media\/16247"}],"wp:attachment":[{"href":"https:\/\/barcodedata.ch\/en\/wp-json\/wp\/v2\/media?parent=16246"}],"wp:term":[{"taxonomy":"product_brand","embeddable":true,"href":"https:\/\/barcodedata.ch\/en\/wp-json\/wp\/v2\/product_brand?post=16246"},{"taxonomy":"product_cat","embeddable":true,"href":"https:\/\/barcodedata.ch\/en\/wp-json\/wp\/v2\/product_cat?post=16246"},{"taxonomy":"product_tag","embeddable":true,"href":"https:\/\/barcodedata.ch\/en\/wp-json\/wp\/v2\/product_tag?post=16246"}],"curies":[{"name":"wp","href":"https:\/\/api.w.org\/{rel}","templated":true}]}}