{"id":16022,"date":"2024-09-13T10:34:54","date_gmt":"2024-09-13T08:34:54","guid":{"rendered":"https:\/\/barcodedata.ch\/?post_type=product&#038;p=16022"},"modified":"2026-03-15T22:16:24","modified_gmt":"2026-03-15T21:16:24","slug":"h-35","status":"publish","type":"product","link":"https:\/\/barcodedata.ch\/en\/product\/h-35\/","title":{"rendered":"H-35"},"content":{"rendered":"<p data-start=\"311\" data-end=\"835\">Le <strong data-start=\"314\" data-end=\"336\">Opticon H-35 EU V2<\/strong> est un <strong data-start=\"344\" data-end=\"386\">ordinateur mobile robuste sous Android<\/strong> destin\u00e9 aux professionnels qui ont besoin d\u2019un appareil <strong data-start=\"443\" data-end=\"532\">tout-en-un pour collecte de donn\u00e9es, communication et num\u00e9risation de codes-barres 2D<\/strong>. Il combine une <strong data-start=\"549\" data-end=\"579\">plateforme Android moderne<\/strong>, une <strong data-start=\"585\" data-end=\"621\">puissante capacit\u00e9 de traitement<\/strong>, un <strong data-start=\"626\" data-end=\"662\">scanner 2D int\u00e9gr\u00e9 haute vitesse<\/strong>, une <strong data-start=\"668\" data-end=\"694\">cam\u00e9ra autofocus 13 MP<\/strong>, et une <strong data-start=\"703\" data-end=\"765\">connectivit\u00e9 compl\u00e8te (Bluetooth, Wi-Fi, 4G\/LTE, NFC, GPS)<\/strong> dans un seul appareil portable.<\/p>\n<p data-start=\"837\" data-end=\"1196\">Con\u00e7u pour les environnements exigeants tels que <strong data-start=\"886\" data-end=\"962\">logistique, livraison, retail, sant\u00e9, transport, services sur le terrain<\/strong>, il offre une <strong data-start=\"977\" data-end=\"1026\">r\u00e9sistance \u00e9lev\u00e9e aux poussi\u00e8re, eau et chocs<\/strong> avec une certification IP65, tout en conservant un <strong data-start=\"1078\" data-end=\"1118\">grand \u00e9cran tactile couleur de 5,5 \u201d<\/strong> pour une exp\u00e9rience utilisateur fluide.<\/p>","protected":false},"excerpt":{"rendered":"<p data-start=\"311\" data-end=\"835\">Le <strong data-start=\"314\" data-end=\"336\">Opticon H-35 EU V2<\/strong> est un <strong data-start=\"344\" data-end=\"386\">ordinateur mobile robuste sous Android<\/strong> destin\u00e9 aux professionnels qui ont besoin d\u2019un appareil <strong data-start=\"443\" data-end=\"532\">tout-en-un pour collecte de donn\u00e9es, communication et num\u00e9risation de codes-barres 2D<\/strong>. Il combine une <strong data-start=\"549\" data-end=\"579\">plateforme Android moderne<\/strong>, une <strong data-start=\"585\" data-end=\"621\">puissante capacit\u00e9 de traitement<\/strong>, un <strong data-start=\"626\" data-end=\"662\">scanner 2D int\u00e9gr\u00e9 haute vitesse<\/strong>, une <strong data-start=\"668\" data-end=\"694\">cam\u00e9ra autofocus 13 MP<\/strong>, et une <strong data-start=\"703\" data-end=\"765\">connectivit\u00e9 compl\u00e8te (Bluetooth, Wi-Fi, 4G\/LTE, NFC, GPS)<\/strong> dans un seul appareil portable.<\/p>","protected":false},"featured_media":16025,"template":"","meta":[],"product_brand":[193],"product_cat":[161,170],"product_tag":[],"class_list":{"0":"post-16022","1":"product","2":"type-product","3":"status-publish","4":"has-post-thumbnail","6":"product_brand-opticon","7":"product_cat-terminaux-mobiles","8":"product_cat-terminaux-portables-android","10":"first","11":"instock","12":"taxable","13":"shipping-taxable","14":"purchasable","15":"product-type-simple"},"_links":{"self":[{"href":"https:\/\/barcodedata.ch\/en\/wp-json\/wp\/v2\/product\/16022","targetHints":{"allow":["GET"]}}],"collection":[{"href":"https:\/\/barcodedata.ch\/en\/wp-json\/wp\/v2\/product"}],"about":[{"href":"https:\/\/barcodedata.ch\/en\/wp-json\/wp\/v2\/types\/product"}],"version-history":[{"count":8,"href":"https:\/\/barcodedata.ch\/en\/wp-json\/wp\/v2\/product\/16022\/revisions"}],"predecessor-version":[{"id":17649,"href":"https:\/\/barcodedata.ch\/en\/wp-json\/wp\/v2\/product\/16022\/revisions\/17649"}],"wp:featuredmedia":[{"embeddable":true,"href":"https:\/\/barcodedata.ch\/en\/wp-json\/wp\/v2\/media\/16025"}],"wp:attachment":[{"href":"https:\/\/barcodedata.ch\/en\/wp-json\/wp\/v2\/media?parent=16022"}],"wp:term":[{"taxonomy":"product_brand","embeddable":true,"href":"https:\/\/barcodedata.ch\/en\/wp-json\/wp\/v2\/product_brand?post=16022"},{"taxonomy":"product_cat","embeddable":true,"href":"https:\/\/barcodedata.ch\/en\/wp-json\/wp\/v2\/product_cat?post=16022"},{"taxonomy":"product_tag","embeddable":true,"href":"https:\/\/barcodedata.ch\/en\/wp-json\/wp\/v2\/product_tag?post=16022"}],"curies":[{"name":"wp","href":"https:\/\/api.w.org\/{rel}","templated":true}]}}