{"id":4400,"date":"2021-10-12T15:51:09","date_gmt":"2021-10-12T15:51:09","guid":{"rendered":"http:\/\/dummy.xtemos.com\/woodmart2\/elementor\/?page_id=4400"},"modified":"2026-03-02T05:23:16","modified_gmt":"2026-03-02T04:23:16","slug":"about-us-3","status":"publish","type":"page","link":"https:\/\/barcodedata.ch\/en\/about-us-3\/","title":{"rendered":"About us"},"content":{"rendered":"\t\t<div data-elementor-type=\"wp-page\" data-elementor-id=\"4400\" class=\"elementor elementor-4400\" data-elementor-post-type=\"page\">\n\t\t\t\t\t\t<section class=\"elementor-section elementor-top-section elementor-element elementor-element-7f958470 wd-section-stretch elementor-section-content-middle elementor-section-full_width elementor-section-height-default elementor-section-height-default\" data-id=\"7f958470\" data-element_type=\"section\" data-e-type=\"section\" data-settings=\"{&quot;background_background&quot;:&quot;classic&quot;}\">\n\t\t\t\t\t\t\t<div class=\"elementor-background-overlay\"><\/div>\n\t\t\t\t\t\t\t<div class=\"elementor-container elementor-column-gap-extended\">\n\t\t\t\t\t<div class=\"elementor-column elementor-col-50 elementor-top-column elementor-element elementor-element-602a5fad\" data-id=\"602a5fad\" data-element_type=\"column\" data-e-type=\"column\">\n\t\t\t<div class=\"elementor-widget-wrap elementor-element-populated\">\n\t\t\t\t\t\t<div class=\"elementor-element elementor-element-70dfe995 wd-width-100 elementor-widget elementor-widget-wd_title\" data-id=\"70dfe995\" data-element_type=\"widget\" data-e-type=\"widget\" data-widget_type=\"wd_title.default\">\n\t\t\t\t<div class=\"elementor-widget-container\">\n\t\t\t\t\t\t\t<div class=\"title-wrapper wd-set-mb reset-last-child wd-title-color-default wd-title-style-default wd-title-size-default text-left\">\n\n\t\t\t\n\t\t\t<div class=\"liner-continer\">\n\t\t\t\t<h4 class=\"woodmart-title-container title wd-fontsize-l wd-underline-bordered\">Barcode Data : Experts en solutions de lecture de <strong><u>codes-barres<\/u><\/strong><\/h4> \n\t\t\t\t\t\t\t<\/div>\n\n\t\t\t\t\t<\/div>\n\t\t\t\t\t\t<\/div>\n\t\t\t\t<\/div>\n\t\t\t\t<div class=\"elementor-element elementor-element-4b54b8cb elementor-widget elementor-widget-wd_text_block\" data-id=\"4b54b8cb\" data-element_type=\"widget\" data-e-type=\"widget\" data-widget_type=\"wd_text_block.default\">\n\t\t\t\t<div class=\"elementor-widget-container\">\n\t\t\t\t\t\t\t<div class=\"wd-text-block reset-last-child text-left\">\n\t\t\t\n\t\t\t<p>Barcode Data est un distributeur sp\u00e9cialis\u00e9 dans les solutions de lecture de codes-barres, partenaire privil\u00e9gi\u00e9 du constructeur renomm\u00e9 OPTICON. Forts de notre exp\u00e9rience et de notre expertise, nous proposons une large gamme de lecteurs de codes-barres adapt\u00e9s \u00e0 tous les besoins, qu'il s'agisse de simples douchettes, de lecteurs sans fil, ou de terminaux portables \u00e0 m\u00e9moire. Notre objectif est de fournir des \u00e9quipements de haute qualit\u00e9, r\u00e9pondant aux exigences les plus rigoureuses de nos clients.<\/p>\n\t\t\t\t\t<\/div>\n\t\t\t\t\t\t<\/div>\n\t\t\t\t<\/div>\n\t\t\t\t<div class=\"elementor-element elementor-element-ed6a2a8 elementor-button-success elementor-widget elementor-widget-button\" data-id=\"ed6a2a8\" data-element_type=\"widget\" data-e-type=\"widget\" data-widget_type=\"button.default\">\n\t\t\t\t<div class=\"elementor-widget-container\">\n\t\t\t\t\t\t\t\t\t<div class=\"elementor-button-wrapper\">\n\t\t\t\t\t<a class=\"elementor-button elementor-button-link elementor-size-sm\" href=\"tel:+41792935580\">\n\t\t\t\t\t\t<span class=\"elementor-button-content-wrapper\">\n\t\t\t\t\t\t<span class=\"elementor-button-icon\">\n\t\t\t\t<svg aria-hidden=\"true\" class=\"e-font-icon-svg e-fas-phone-square-alt\" viewBox=\"0 0 448 512\" xmlns=\"http:\/\/www.w3.org\/2000\/svg\"><path d=\"M400 32H48A48 48 0 0 0 0 80v352a48 48 0 0 0 48 48h352a48 48 0 0 0 48-48V80a48 48 0 0 0-48-48zm-16.39 307.37l-15 65A15 15 0 0 1 354 416C194 416 64 286.29 64 126a15.7 15.7 0 0 1 11.63-14.61l65-15A18.23 18.23 0 0 1 144 96a16.27 16.27 0 0 1 13.79 9.09l30 70A17.9 17.9 0 0 1 189 181a17 17 0 0 1-5.5 11.61l-37.89 31a231.91 231.91 0 0 0 110.78 110.78l31-37.89A17 17 0 0 1 299 291a17.85 17.85 0 0 1 5.91 1.21l70 30A16.25 16.25 0 0 1 384 336a17.41 17.41 0 0 1-.39 3.37z\"><\/path><\/svg>\t\t\t<\/span>\n\t\t\t\t\t\t\t\t\t<span class=\"elementor-button-text\">Contactez-nous<\/span>\n\t\t\t\t\t<\/span>\n\t\t\t\t\t<\/a>\n\t\t\t\t<\/div>\n\t\t\t\t\t\t\t\t<\/div>\n\t\t\t\t<\/div>\n\t\t\t\t\t<\/div>\n\t\t<\/div>\n\t\t\t\t<div class=\"elementor-column elementor-col-50 elementor-top-column elementor-element elementor-element-5b0ea3a2\" data-id=\"5b0ea3a2\" data-element_type=\"column\" data-e-type=\"column\">\n\t\t\t<div class=\"elementor-widget-wrap elementor-element-populated\">\n\t\t\t\t\t\t<div class=\"elementor-element elementor-element-4a6ff8b wd-width-100 elementor-widget elementor-widget-wd_images_gallery\" data-id=\"4a6ff8b\" data-element_type=\"widget\" data-e-type=\"widget\" data-widget_type=\"wd_images_gallery.default\">\n\t\t\t\t<div class=\"elementor-widget-container\">\n\t\t\t\t\t\t\t<div class=\"wd-images-gallery photoswipe-images\" style=\"--wd-align-items:center; --wd-justify-content:center;\">\n\t\t\t\t\t\t<div class=\"wd-grid-g\" style=\"--wd-col-lg:2;--wd-col-md:2;--wd-col-sm:1;--wd-gap-lg:0px;\" >\n\t\t\t\t\t\t\t\t\t\t\t\t\t\t\t\t\t\t<div class=\"wd-gallery-item wd-col\">\n\t\t\t\t\t\t\t\t\t\t\t\t\t<a  href=\"https:\/\/barcodedata.ch\/wp-content\/uploads\/2025\/05\/RS-3000-Angle-Right.webp\" data-width=\"1600\" data-height=\"1600\" data-index=\"1\" data-elementor-open-lightbox=\"no\">\n\t\t\t\t\t\t\n\t\t\t\t\t\t<img loading=\"lazy\" decoding=\"async\" width=\"800\" height=\"800\" src=\"https:\/\/barcodedata.ch\/wp-content\/uploads\/2025\/05\/RS-3000-Angle-Right-800x800.webp\" class=\"attachment-large size-large\" alt=\"RS-3000-Angle-Right\" srcset=\"https:\/\/barcodedata.ch\/wp-content\/uploads\/2025\/05\/RS-3000-Angle-Right-800x800.webp 800w, https:\/\/barcodedata.ch\/wp-content\/uploads\/2025\/05\/RS-3000-Angle-Right-300x300.webp 300w, https:\/\/barcodedata.ch\/wp-content\/uploads\/2025\/05\/RS-3000-Angle-Right-150x150.webp 150w, https:\/\/barcodedata.ch\/wp-content\/uploads\/2025\/05\/RS-3000-Angle-Right-768x768.webp 768w, https:\/\/barcodedata.ch\/wp-content\/uploads\/2025\/05\/RS-3000-Angle-Right-1536x1536.webp 1536w, https:\/\/barcodedata.ch\/wp-content\/uploads\/2025\/05\/RS-3000-Angle-Right-12x12.webp 12w, https:\/\/barcodedata.ch\/wp-content\/uploads\/2025\/05\/RS-3000-Angle-Right-430x430.webp 430w, https:\/\/barcodedata.ch\/wp-content\/uploads\/2025\/05\/RS-3000-Angle-Right-700x700.webp 700w, https:\/\/barcodedata.ch\/wp-content\/uploads\/2025\/05\/RS-3000-Angle-Right.webp 1600w\" sizes=\"auto, (max-width: 800px) 100vw, 800px\" \/>\n\t\t\t\t\t\t\t\t\t\t\t\t\t<\/a>\n\t\t\t\t\t\t\t\t\t\t\t<\/div>\n\t\t\t\t\t\t\t\t\t\t\t\t\t\t\t<div class=\"wd-gallery-item wd-col\">\n\t\t\t\t\t\t\t\t\t\t\t\t\t<a  href=\"https:\/\/barcodedata.ch\/wp-content\/uploads\/2025\/05\/RS-3000-Front.webp\" data-width=\"1600\" data-height=\"1600\" data-index=\"2\" data-elementor-open-lightbox=\"no\">\n\t\t\t\t\t\t\n\t\t\t\t\t\t<img loading=\"lazy\" decoding=\"async\" width=\"800\" height=\"800\" src=\"https:\/\/barcodedata.ch\/wp-content\/uploads\/2025\/05\/RS-3000-Front-800x800.webp\" class=\"attachment-large size-large\" alt=\"RS-3000-Front\" srcset=\"https:\/\/barcodedata.ch\/wp-content\/uploads\/2025\/05\/RS-3000-Front-800x800.webp 800w, https:\/\/barcodedata.ch\/wp-content\/uploads\/2025\/05\/RS-3000-Front-300x300.webp 300w, https:\/\/barcodedata.ch\/wp-content\/uploads\/2025\/05\/RS-3000-Front-150x150.webp 150w, https:\/\/barcodedata.ch\/wp-content\/uploads\/2025\/05\/RS-3000-Front-768x768.webp 768w, https:\/\/barcodedata.ch\/wp-content\/uploads\/2025\/05\/RS-3000-Front-1536x1536.webp 1536w, https:\/\/barcodedata.ch\/wp-content\/uploads\/2025\/05\/RS-3000-Front-12x12.webp 12w, https:\/\/barcodedata.ch\/wp-content\/uploads\/2025\/05\/RS-3000-Front-430x430.webp 430w, https:\/\/barcodedata.ch\/wp-content\/uploads\/2025\/05\/RS-3000-Front-700x700.webp 700w, https:\/\/barcodedata.ch\/wp-content\/uploads\/2025\/05\/RS-3000-Front.webp 1600w\" sizes=\"auto, (max-width: 800px) 100vw, 800px\" \/>\n\t\t\t\t\t\t\t\t\t\t\t\t\t<\/a>\n\t\t\t\t\t\t\t\t\t\t\t<\/div>\n\t\t\t\t\t\t\t\t\t\t\t\t\t<\/div>\n\t\t\t\t\t<\/div>\n\t\t\t\t\t\t<\/div>\n\t\t\t\t<\/div>\n\t\t\t\t\t<\/div>\n\t\t<\/div>\n\t\t\t\t\t<\/div>\n\t\t<\/section>\n\t\t\t\t<section class=\"elementor-section elementor-top-section elementor-element elementor-element-6b53dd4 wd-section-stretch elementor-section-content-middle elementor-section-full_width elementor-section-height-default elementor-section-height-default\" data-id=\"6b53dd4\" data-element_type=\"section\" data-e-type=\"section\">\n\t\t\t\t\t\t<div class=\"elementor-container elementor-column-gap-extended\">\n\t\t\t\t\t<div class=\"elementor-column elementor-col-50 elementor-top-column elementor-element elementor-element-b7d76aa\" data-id=\"b7d76aa\" data-element_type=\"column\" data-e-type=\"column\">\n\t\t\t<div class=\"elementor-widget-wrap elementor-element-populated\">\n\t\t\t\t\t\t<div class=\"elementor-element elementor-element-d59c4eb elementor-widget elementor-widget-image\" data-id=\"d59c4eb\" data-element_type=\"widget\" data-e-type=\"widget\" data-widget_type=\"image.default\">\n\t\t\t\t<div class=\"elementor-widget-container\">\n\t\t\t\t\t\t\t\t\t\t\t\t\t\t\t<img loading=\"lazy\" decoding=\"async\" width=\"600\" height=\"600\" src=\"https:\/\/barcodedata.ch\/wp-content\/themes\/woodmart\/images\/lazy.svg\" data-src=\"https:\/\/barcodedata.ch\/wp-content\/uploads\/2026\/02\/OPH-5000i-Side-600x600-1.webp\" class=\" wd-lazy-fade attachment-large size-large wp-image-17150\" alt=\"\" srcset=\"\" data-srcset=\"https:\/\/barcodedata.ch\/wp-content\/uploads\/2026\/02\/OPH-5000i-Side-600x600-1.webp 600w, https:\/\/barcodedata.ch\/wp-content\/uploads\/2026\/02\/OPH-5000i-Side-600x600-1-300x300.webp 300w, https:\/\/barcodedata.ch\/wp-content\/uploads\/2026\/02\/OPH-5000i-Side-600x600-1-150x150.webp 150w, https:\/\/barcodedata.ch\/wp-content\/uploads\/2026\/02\/OPH-5000i-Side-600x600-1-12x12.webp 12w, https:\/\/barcodedata.ch\/wp-content\/uploads\/2026\/02\/OPH-5000i-Side-600x600-1-430x430.webp 430w\" sizes=\"auto, (max-width: 600px) 100vw, 600px\" \/>\t\t\t\t\t\t\t\t\t\t\t\t\t\t\t<\/div>\n\t\t\t\t<\/div>\n\t\t\t\t\t<\/div>\n\t\t<\/div>\n\t\t\t\t<div class=\"elementor-column elementor-col-50 elementor-top-column elementor-element elementor-element-5018e4b\" data-id=\"5018e4b\" data-element_type=\"column\" data-e-type=\"column\">\n\t\t\t<div class=\"elementor-widget-wrap elementor-element-populated\">\n\t\t\t\t\t\t<div class=\"elementor-element elementor-element-4a48490 wd-width-100 elementor-widget elementor-widget-wd_title\" data-id=\"4a48490\" data-element_type=\"widget\" data-e-type=\"widget\" data-widget_type=\"wd_title.default\">\n\t\t\t\t<div class=\"elementor-widget-container\">\n\t\t\t\t\t\t\t<div class=\"title-wrapper wd-set-mb reset-last-child wd-title-color-default wd-title-style-default wd-title-size-default text-left\">\n\n\t\t\t\n\t\t\t<div class=\"liner-continer\">\n\t\t\t\t<h4 class=\"woodmart-title-container title wd-fontsize-l wd-underline-bordered\"><strong><u>D\u00e9couvrez l'expertise<\/u><\/strong> Barcode Data dans la lecture de codes-barres<\/h4> \n\t\t\t\t\t\t\t<\/div>\n\n\t\t\t\t\t<\/div>\n\t\t\t\t\t\t<\/div>\n\t\t\t\t<\/div>\n\t\t\t\t<div class=\"elementor-element elementor-element-3b1bd1d elementor-widget__width-initial elementor-widget elementor-widget-wd_text_block\" data-id=\"3b1bd1d\" data-element_type=\"widget\" data-e-type=\"widget\" data-widget_type=\"wd_text_block.default\">\n\t\t\t\t<div class=\"elementor-widget-container\">\n\t\t\t\t\t\t\t<div class=\"wd-text-block reset-last-child text-left color-scheme-dark\">\n\t\t\t\n\t\t\t<p style=\"text-align: left;\">En tant que distributeur agr\u00e9\u00e9, Barcode Data met \u00e0 votre disposition des produits fiables et performants con\u00e7us par des leaders de l'industrie. Notre gamme de lecteurs de codes-barres OPTICON est reconnue pour sa pr\u00e9cision et sa durabilit\u00e9, assurant une utilisation efficace dans divers secteurs. Notre \u00e9quipe d'experts est \u00e0 votre \u00e9coute pour vous accompagner dans le choix des solutions les plus adapt\u00e9es \u00e0 vos besoins sp\u00e9cifiques.<\/p>\n\t\t\t\t\t<\/div>\n\t\t\t\t\t\t<\/div>\n\t\t\t\t<\/div>\n\t\t\t\t<div class=\"elementor-element elementor-element-de35969 elementor-align-center elementor-widget elementor-widget-button\" data-id=\"de35969\" data-element_type=\"widget\" data-e-type=\"widget\" data-widget_type=\"button.default\">\n\t\t\t\t<div class=\"elementor-widget-container\">\n\t\t\t\t\t\t\t\t\t<div class=\"elementor-button-wrapper\">\n\t\t\t\t\t<a class=\"elementor-button elementor-button-link elementor-size-sm\" href=\"https:\/\/barcodedata.ch\/shop\/\">\n\t\t\t\t\t\t<span class=\"elementor-button-content-wrapper\">\n\t\t\t\t\t\t<span class=\"elementor-button-icon\">\n\t\t\t\t<svg aria-hidden=\"true\" class=\"e-font-icon-svg e-fas-shopping-cart\" viewBox=\"0 0 576 512\" xmlns=\"http:\/\/www.w3.org\/2000\/svg\"><path d=\"M528.12 301.319l47.273-208C578.806 78.301 567.391 64 551.99 64H159.208l-9.166-44.81C147.758 8.021 137.93 0 126.529 0H24C10.745 0 0 10.745 0 24v16c0 13.255 10.745 24 24 24h69.883l70.248 343.435C147.325 417.1 136 435.222 136 456c0 30.928 25.072 56 56 56s56-25.072 56-56c0-15.674-6.447-29.835-16.824-40h209.647C430.447 426.165 424 440.326 424 456c0 30.928 25.072 56 56 56s56-25.072 56-56c0-22.172-12.888-41.332-31.579-50.405l5.517-24.276c3.413-15.018-8.002-29.319-23.403-29.319H218.117l-6.545-32h293.145c11.206 0 20.92-7.754 23.403-18.681z\"><\/path><\/svg>\t\t\t<\/span>\n\t\t\t\t\t\t\t\t\t<span class=\"elementor-button-text\">Visiter la boutique<\/span>\n\t\t\t\t\t<\/span>\n\t\t\t\t\t<\/a>\n\t\t\t\t<\/div>\n\t\t\t\t\t\t\t\t<\/div>\n\t\t\t\t<\/div>\n\t\t\t\t\t<\/div>\n\t\t<\/div>\n\t\t\t\t\t<\/div>\n\t\t<\/section>\n\t\t\t\t<section class=\"elementor-section elementor-top-section elementor-element elementor-element-7efd1c4 wd-section-stretch elementor-section-content-middle elementor-section-boxed elementor-section-height-default elementor-section-height-default\" data-id=\"7efd1c4\" data-element_type=\"section\" data-e-type=\"section\" data-settings=\"{&quot;background_background&quot;:&quot;classic&quot;}\">\n\t\t\t\t\t\t<div class=\"elementor-container elementor-column-gap-extended\">\n\t\t\t\t\t<div class=\"elementor-column elementor-col-50 elementor-top-column elementor-element elementor-element-6d89581\" data-id=\"6d89581\" data-element_type=\"column\" data-e-type=\"column\">\n\t\t\t<div class=\"elementor-widget-wrap elementor-element-populated\">\n\t\t\t\t\t\t<div class=\"elementor-element elementor-element-0177b9e wd-width-100 elementor-widget elementor-widget-wd_title\" data-id=\"0177b9e\" data-element_type=\"widget\" data-e-type=\"widget\" data-widget_type=\"wd_title.default\">\n\t\t\t\t<div class=\"elementor-widget-container\">\n\t\t\t\t\t\t\t<div class=\"title-wrapper wd-set-mb reset-last-child wd-title-color-white wd-title-style-default wd-title-size-default text-left\">\n\n\t\t\t\n\t\t\t<div class=\"liner-continer\">\n\t\t\t\t<h4 class=\"woodmart-title-container title wd-fontsize-l wd-underline-bordered\">Imprimantes Zebra et consommables :<strong><u> solutions d'impression Barcode Data<\/u><\/strong><\/h4> \n\t\t\t\t\t\t\t<\/div>\n\n\t\t\t\t\t<\/div>\n\t\t\t\t\t\t<\/div>\n\t\t\t\t<\/div>\n\t\t\t\t<div class=\"elementor-element elementor-element-55018fd elementor-widget elementor-widget-wd_text_block\" data-id=\"55018fd\" data-element_type=\"widget\" data-e-type=\"widget\" data-widget_type=\"wd_text_block.default\">\n\t\t\t\t<div class=\"elementor-widget-container\">\n\t\t\t\t\t\t\t<div class=\"wd-text-block reset-last-child text-left color-scheme-light\">\n\t\t\t\n\t\t\t<p>Barcode Data ne se limite pas \u00e0 la lecture de codes-barres. Nous proposons \u00e9galement une gamme compl\u00e8te d'imprimantes de la marque Zebra, leader mondial dans le domaine de l'impression de codes-barres. Que ce soit pour des impressions ponctuelles ou des volumes importants, nos imprimantes offrent une qualit\u00e9 d'impression exceptionnelle. De plus, nous fournissons tous les consommables n\u00e9cessaires, y compris des \u00e9tiquettes pr\u00e9-imprim\u00e9es, pour assurer une gestion optimale de vos activit\u00e9s.<\/p>\n\t\t\t\t\t<\/div>\n\t\t\t\t\t\t<\/div>\n\t\t\t\t<\/div>\n\t\t\t\t\t<\/div>\n\t\t<\/div>\n\t\t\t\t<div class=\"elementor-column elementor-col-50 elementor-top-column elementor-element elementor-element-f7135de\" data-id=\"f7135de\" data-element_type=\"column\" data-e-type=\"column\">\n\t\t\t<div class=\"elementor-widget-wrap elementor-element-populated\">\n\t\t\t\t\t\t<div class=\"elementor-element elementor-element-53b567d elementor-widget elementor-widget-image\" data-id=\"53b567d\" data-element_type=\"widget\" data-e-type=\"widget\" data-widget_type=\"image.default\">\n\t\t\t\t<div class=\"elementor-widget-container\">\n\t\t\t\t\t\t\t\t\t\t\t\t\t\t\t<img loading=\"lazy\" decoding=\"async\" width=\"1300\" height=\"731\" src=\"https:\/\/barcodedata.ch\/wp-content\/themes\/woodmart\/images\/lazy.svg\" data-src=\"https:\/\/barcodedata.ch\/wp-content\/uploads\/2025\/11\/impri-1300x731.webp\" class=\" wd-lazy-fade attachment-large size-large wp-image-16697\" alt=\"\" srcset=\"\" data-srcset=\"https:\/\/barcodedata.ch\/wp-content\/uploads\/2025\/11\/impri-1300x731.webp 1300w, https:\/\/barcodedata.ch\/wp-content\/uploads\/2025\/11\/impri-400x225.webp 400w, https:\/\/barcodedata.ch\/wp-content\/uploads\/2025\/11\/impri-768x432.webp 768w, https:\/\/barcodedata.ch\/wp-content\/uploads\/2025\/11\/impri-1536x864.webp 1536w, https:\/\/barcodedata.ch\/wp-content\/uploads\/2025\/11\/impri-18x10.webp 18w, https:\/\/barcodedata.ch\/wp-content\/uploads\/2025\/11\/impri-430x242.webp 430w, https:\/\/barcodedata.ch\/wp-content\/uploads\/2025\/11\/impri-700x394.webp 700w, https:\/\/barcodedata.ch\/wp-content\/uploads\/2025\/11\/impri-150x84.webp 150w, https:\/\/barcodedata.ch\/wp-content\/uploads\/2025\/11\/impri.webp 1920w\" sizes=\"auto, (max-width: 1300px) 100vw, 1300px\" \/>\t\t\t\t\t\t\t\t\t\t\t\t\t\t\t<\/div>\n\t\t\t\t<\/div>\n\t\t\t\t\t<\/div>\n\t\t<\/div>\n\t\t\t\t\t<\/div>\n\t\t<\/section>\n\t\t\t\t<section class=\"elementor-section elementor-top-section elementor-element elementor-element-a87ae55 wd-section-stretch elementor-section-content-middle elementor-section-boxed elementor-section-height-default elementor-section-height-default\" data-id=\"a87ae55\" data-element_type=\"section\" data-e-type=\"section\">\n\t\t\t\t\t\t<div class=\"elementor-container elementor-column-gap-extended\">\n\t\t\t\t\t<div class=\"elementor-column elementor-col-50 elementor-top-column elementor-element elementor-element-a6df152\" data-id=\"a6df152\" data-element_type=\"column\" data-e-type=\"column\">\n\t\t\t<div class=\"elementor-widget-wrap elementor-element-populated\">\n\t\t\t\t\t\t<div class=\"elementor-element elementor-element-f1a1096 elementor-widget elementor-widget-image\" data-id=\"f1a1096\" data-element_type=\"widget\" data-e-type=\"widget\" data-widget_type=\"image.default\">\n\t\t\t\t<div class=\"elementor-widget-container\">\n\t\t\t\t\t\t\t\t\t\t\t\t\t\t\t<img loading=\"lazy\" decoding=\"async\" width=\"1190\" height=\"800\" src=\"https:\/\/barcodedata.ch\/wp-content\/themes\/woodmart\/images\/lazy.svg\" data-src=\"https:\/\/barcodedata.ch\/wp-content\/uploads\/2025\/11\/satisfaction-1190x800.webp\" class=\" wd-lazy-fade attachment-large size-large wp-image-16698\" alt=\"\" srcset=\"\" data-srcset=\"https:\/\/barcodedata.ch\/wp-content\/uploads\/2025\/11\/satisfaction-1190x800.webp 1190w, https:\/\/barcodedata.ch\/wp-content\/uploads\/2025\/11\/satisfaction-400x269.webp 400w, https:\/\/barcodedata.ch\/wp-content\/uploads\/2025\/11\/satisfaction-768x516.webp 768w, https:\/\/barcodedata.ch\/wp-content\/uploads\/2025\/11\/satisfaction-1536x1033.webp 1536w, https:\/\/barcodedata.ch\/wp-content\/uploads\/2025\/11\/satisfaction-18x12.webp 18w, https:\/\/barcodedata.ch\/wp-content\/uploads\/2025\/11\/satisfaction-430x289.webp 430w, https:\/\/barcodedata.ch\/wp-content\/uploads\/2025\/11\/satisfaction-700x471.webp 700w, https:\/\/barcodedata.ch\/wp-content\/uploads\/2025\/11\/satisfaction-150x101.webp 150w, https:\/\/barcodedata.ch\/wp-content\/uploads\/2025\/11\/satisfaction.webp 1606w\" sizes=\"auto, (max-width: 1190px) 100vw, 1190px\" \/>\t\t\t\t\t\t\t\t\t\t\t\t\t\t\t<\/div>\n\t\t\t\t<\/div>\n\t\t\t\t\t<\/div>\n\t\t<\/div>\n\t\t\t\t<div class=\"elementor-column elementor-col-50 elementor-top-column elementor-element elementor-element-4adfbe0\" data-id=\"4adfbe0\" data-element_type=\"column\" data-e-type=\"column\">\n\t\t\t<div class=\"elementor-widget-wrap elementor-element-populated\">\n\t\t\t\t\t\t<div class=\"elementor-element elementor-element-2d4e361 wd-width-100 elementor-widget elementor-widget-wd_title\" data-id=\"2d4e361\" data-element_type=\"widget\" data-e-type=\"widget\" data-widget_type=\"wd_title.default\">\n\t\t\t\t<div class=\"elementor-widget-container\">\n\t\t\t\t\t\t\t<div class=\"title-wrapper wd-set-mb reset-last-child wd-title-color-default wd-title-style-default wd-title-size-default text-left\">\n\n\t\t\t\n\t\t\t<div class=\"liner-continer\">\n\t\t\t\t<h4 class=\"woodmart-title-container title wd-fontsize-l wd-underline-bordered\"><strong><u> Satisfaction client<\/u><\/strong>  : Barcode Data s'engage pour votre succ\u00e8s<\/h4> \n\t\t\t\t\t\t\t<\/div>\n\n\t\t\t\t\t<\/div>\n\t\t\t\t\t\t<\/div>\n\t\t\t\t<\/div>\n\t\t\t\t<div class=\"elementor-element elementor-element-64073af elementor-widget elementor-widget-wd_text_block\" data-id=\"64073af\" data-element_type=\"widget\" data-e-type=\"widget\" data-widget_type=\"wd_text_block.default\">\n\t\t\t\t<div class=\"elementor-widget-container\">\n\t\t\t\t\t\t\t<div class=\"wd-text-block reset-last-child text-left\">\n\t\t\t\n\t\t\t<div class=\"flex max-w-full flex-col flex-grow\"><div class=\"min-h-8 text-message flex w-full flex-col items-end gap-2 whitespace-normal break-words [.text-message+&amp;]:mt-5\" dir=\"auto\" data-message-author-role=\"assistant\" data-message-id=\"dc53ffb4-2345-4bd2-9400-59000fdc3ef4\"><div class=\"flex w-full flex-col gap-1 empty:hidden first:pt-[3px]\"><div class=\"markdown prose w-full break-words dark:prose-invert dark\"><p>Chez Barcode Data, la satisfaction de nos clients est notre priorit\u00e9. Nous nous engageons \u00e0 offrir des produits de haute qualit\u00e9, un service client r\u00e9actif, et un accompagnement personnalis\u00e9 \u00e0 chaque \u00e9tape de votre projet. Que vous soyez une petite entreprise ou une grande structure, nous avons \u00e0 c\u0153ur de vous fournir des solutions efficaces et innovantes pour am\u00e9liorer votre productivit\u00e9 et optimiser vos processus de lecture et d'impression de codes-barres.<\/p><\/div><\/div><\/div><\/div>\n\t\t\t\t\t<\/div>\n\t\t\t\t\t\t<\/div>\n\t\t\t\t<\/div>\n\t\t\t\t<div class=\"elementor-element elementor-element-7ea58f9 elementor-align-center elementor-widget elementor-widget-button\" data-id=\"7ea58f9\" data-element_type=\"widget\" data-e-type=\"widget\" data-widget_type=\"button.default\">\n\t\t\t\t<div class=\"elementor-widget-container\">\n\t\t\t\t\t\t\t\t\t<div class=\"elementor-button-wrapper\">\n\t\t\t\t\t<a class=\"elementor-button elementor-button-link elementor-size-sm\" href=\"https:\/\/barcodedata.ch\/contact-us\/\">\n\t\t\t\t\t\t<span class=\"elementor-button-content-wrapper\">\n\t\t\t\t\t\t<span class=\"elementor-button-icon\">\n\t\t\t\t<svg aria-hidden=\"true\" class=\"e-font-icon-svg e-fas-phone-square-alt\" viewBox=\"0 0 448 512\" xmlns=\"http:\/\/www.w3.org\/2000\/svg\"><path d=\"M400 32H48A48 48 0 0 0 0 80v352a48 48 0 0 0 48 48h352a48 48 0 0 0 48-48V80a48 48 0 0 0-48-48zm-16.39 307.37l-15 65A15 15 0 0 1 354 416C194 416 64 286.29 64 126a15.7 15.7 0 0 1 11.63-14.61l65-15A18.23 18.23 0 0 1 144 96a16.27 16.27 0 0 1 13.79 9.09l30 70A17.9 17.9 0 0 1 189 181a17 17 0 0 1-5.5 11.61l-37.89 31a231.91 231.91 0 0 0 110.78 110.78l31-37.89A17 17 0 0 1 299 291a17.85 17.85 0 0 1 5.91 1.21l70 30A16.25 16.25 0 0 1 384 336a17.41 17.41 0 0 1-.39 3.37z\"><\/path><\/svg>\t\t\t<\/span>\n\t\t\t\t\t\t\t\t\t<span class=\"elementor-button-text\">Discutez avec un expert<\/span>\n\t\t\t\t\t<\/span>\n\t\t\t\t\t<\/a>\n\t\t\t\t<\/div>\n\t\t\t\t\t\t\t\t<\/div>\n\t\t\t\t<\/div>\n\t\t\t\t\t<\/div>\n\t\t<\/div>\n\t\t\t\t\t<\/div>\n\t\t<\/section>\n\t\t\t\t<\/div>\n\t\t","protected":false},"excerpt":{"rendered":"<p>Barcode Data : Experts en solutions de lecture de codes-barres Barcode Data est un distributeur sp\u00e9cialis\u00e9 dans les solutions de<\/p>","protected":false},"author":1,"featured_media":0,"parent":0,"menu_order":0,"comment_status":"closed","ping_status":"closed","template":"","meta":{"footnotes":""},"class_list":["post-4400","page","type-page","status-publish","hentry"],"_links":{"self":[{"href":"https:\/\/barcodedata.ch\/en\/wp-json\/wp\/v2\/pages\/4400","targetHints":{"allow":["GET"]}}],"collection":[{"href":"https:\/\/barcodedata.ch\/en\/wp-json\/wp\/v2\/pages"}],"about":[{"href":"https:\/\/barcodedata.ch\/en\/wp-json\/wp\/v2\/types\/page"}],"author":[{"embeddable":true,"href":"https:\/\/barcodedata.ch\/en\/wp-json\/wp\/v2\/users\/1"}],"replies":[{"embeddable":true,"href":"https:\/\/barcodedata.ch\/en\/wp-json\/wp\/v2\/comments?post=4400"}],"version-history":[{"count":72,"href":"https:\/\/barcodedata.ch\/en\/wp-json\/wp\/v2\/pages\/4400\/revisions"}],"predecessor-version":[{"id":17348,"href":"https:\/\/barcodedata.ch\/en\/wp-json\/wp\/v2\/pages\/4400\/revisions\/17348"}],"wp:attachment":[{"href":"https:\/\/barcodedata.ch\/en\/wp-json\/wp\/v2\/media?parent=4400"}],"curies":[{"name":"wp","href":"https:\/\/api.w.org\/{rel}","templated":true}]}}