{"id":18,"date":"2024-09-12T14:12:54","date_gmt":"2024-09-12T12:12:54","guid":{"rendered":"https:\/\/barcodedata.ch\/?page_id=18"},"modified":"2024-09-23T11:12:52","modified_gmt":"2024-09-23T09:12:52","slug":"refund_returns","status":"publish","type":"page","link":"https:\/\/barcodedata.ch\/en\/refund_returns\/","title":{"rendered":"Politique de remboursement et de retour"},"content":{"rendered":"\t\t<div data-elementor-type=\"wp-page\" data-elementor-id=\"18\" class=\"elementor elementor-18\" data-elementor-post-type=\"page\">\n\t\t\t\t\t\t<section class=\"elementor-section elementor-top-section elementor-element elementor-element-7ec0206b elementor-section-boxed elementor-section-height-default elementor-section-height-default\" data-id=\"7ec0206b\" data-element_type=\"section\" data-e-type=\"section\">\n\t\t\t\t\t\t<div class=\"elementor-container elementor-column-gap-default\">\n\t\t\t\t\t<div class=\"elementor-column elementor-col-100 elementor-top-column elementor-element elementor-element-51e66503\" data-id=\"51e66503\" data-element_type=\"column\" data-e-type=\"column\">\n\t\t\t<div class=\"elementor-widget-wrap elementor-element-populated\">\n\t\t\t\t\t\t<div class=\"elementor-element elementor-element-37ded8ab color-scheme-inherit text-left elementor-widget elementor-widget-text-editor\" data-id=\"37ded8ab\" data-element_type=\"widget\" data-e-type=\"widget\" data-widget_type=\"text-editor.default\">\n\t\t\t\t<div class=\"elementor-widget-container\">\n\t\t\t\t\t\t\t\t\t<h3>Politique de retour et de remboursement<\/h3>\n<p><strong>Derni\u00e8re mise \u00e0 jour : [date]<\/strong><\/p>\n<p>Chez <strong>BD Barcode Data S\u00e0rl<\/strong>, nous nous engageons \u00e0 assurer la satisfaction de nos clients. Si vous n\u2019\u00eates pas satisfait de votre achat, vous pouvez retourner le produit selon les conditions ci-dessous.<\/p>\n<h4>1. <strong>Droit de r\u00e9tractation<\/strong><\/h4>\n<p>Conform\u00e9ment \u00e0 la l\u00e9gislation en vigueur, vous disposez d\u2019un d\u00e9lai de 14 jours calendaires \u00e0 compter de la r\u00e9ception de votre commande pour exercer votre droit de r\u00e9tractation et nous retourner le produit sans justification.<\/p>\n<h4>2. <strong>Conditions de retour<\/strong><\/h4>\n<ul>\n<li>Les produits retourn\u00e9s doivent \u00eatre dans leur \u00e9tat d&rsquo;origine, non utilis\u00e9s, avec tous les accessoires et emballages.<\/li>\n<li>Les frais de retour sont \u00e0 la charge du client, sauf en cas d&rsquo;erreur de notre part (produit d\u00e9fectueux ou incorrect).<\/li>\n<\/ul>\n<h4>3. <strong>Proc\u00e9dure de remboursement<\/strong><\/h4>\n<p>Une fois le produit retourn\u00e9 et inspect\u00e9, nous proc\u00e9derons au remboursement dans un d\u00e9lai de 14 jours ouvrables. Le remboursement sera effectu\u00e9 sur le m\u00eame mode de paiement utilis\u00e9 lors de l\u2019achat.<\/p>\n<h4>4. <strong>Exclusions<\/strong><\/h4>\n<p>Les produits personnalis\u00e9s ou fabriqu\u00e9s sur mesure ne peuvent pas \u00eatre retourn\u00e9s, sauf en cas de d\u00e9faut de fabrication.<\/p>\n<h4>5. <strong>Contact<\/strong><\/h4>\n<p>Pour toute demande de retour ou de remboursement, veuillez nous contacter \u00e0 : <strong><a rel=\"noopener\">info@barcodedata.ch<\/a><\/strong> ou par t\u00e9l\u00e9phone au <strong>+41 79 293 55 80<\/strong>.<\/p>\t\t\t\t\t\t\t\t<\/div>\n\t\t\t\t<\/div>\n\t\t\t\t\t<\/div>\n\t\t<\/div>\n\t\t\t\t\t<\/div>\n\t\t<\/section>\n\t\t\t\t<\/div>\n\t\t","protected":false},"excerpt":{"rendered":"<p>Politique de retour et de remboursement Derni\u00e8re mise \u00e0 jour : [date] Chez BD Barcode Data S\u00e0rl, nous nous engageons<\/p>\n","protected":false},"author":1,"featured_media":0,"parent":0,"menu_order":0,"comment_status":"closed","ping_status":"closed","template":"elementor_header_footer","meta":{"footnotes":""},"class_list":["post-18","page","type-page","status-publish","hentry"],"_links":{"self":[{"href":"https:\/\/barcodedata.ch\/en\/wp-json\/wp\/v2\/pages\/18","targetHints":{"allow":["GET"]}}],"collection":[{"href":"https:\/\/barcodedata.ch\/en\/wp-json\/wp\/v2\/pages"}],"about":[{"href":"https:\/\/barcodedata.ch\/en\/wp-json\/wp\/v2\/types\/page"}],"author":[{"embeddable":true,"href":"https:\/\/barcodedata.ch\/en\/wp-json\/wp\/v2\/users\/1"}],"replies":[{"embeddable":true,"href":"https:\/\/barcodedata.ch\/en\/wp-json\/wp\/v2\/comments?post=18"}],"version-history":[{"count":4,"href":"https:\/\/barcodedata.ch\/en\/wp-json\/wp\/v2\/pages\/18\/revisions"}],"predecessor-version":[{"id":16122,"href":"https:\/\/barcodedata.ch\/en\/wp-json\/wp\/v2\/pages\/18\/revisions\/16122"}],"wp:attachment":[{"href":"https:\/\/barcodedata.ch\/en\/wp-json\/wp\/v2\/media?parent=18"}],"curies":[{"name":"wp","href":"https:\/\/api.w.org\/{rel}","templated":true}]}}