{"id":15941,"date":"2024-09-10T13:12:24","date_gmt":"2024-09-10T13:12:24","guid":{"rendered":"https:\/\/barcodedata.ch\/?page_id=15941"},"modified":"2024-09-23T11:11:43","modified_gmt":"2024-09-23T09:11:43","slug":"terms-and-conditions","status":"publish","type":"page","link":"https:\/\/barcodedata.ch\/en\/terms-and-conditions\/","title":{"rendered":"Terms &amp; Conditions"},"content":{"rendered":"<div data-elementor-type=\"wp-page\" data-elementor-id=\"15941\" class=\"elementor elementor-15941\" data-elementor-post-type=\"page\">\n\t\t\t\t\t\t<section class=\"elementor-section elementor-top-section elementor-element elementor-element-69e6151 elementor-section-boxed elementor-section-height-default elementor-section-height-default\" data-id=\"69e6151\" data-element_type=\"section\" data-e-type=\"section\">\n\t\t\t\t\t\t<div class=\"elementor-container elementor-column-gap-default\">\n\t\t\t\t\t<div class=\"elementor-column elementor-col-100 elementor-top-column elementor-element elementor-element-4f99924\" data-id=\"4f99924\" data-element_type=\"column\" data-e-type=\"column\">\n\t\t\t<div class=\"elementor-widget-wrap elementor-element-populated\">\n\t\t\t\t\t\t<div class=\"elementor-element elementor-element-563e6b3 color-scheme-inherit text-left elementor-widget elementor-widget-text-editor\" data-id=\"563e6b3\" data-element_type=\"widget\" data-e-type=\"widget\" data-widget_type=\"text-editor.default\">\n\t\t\t\t<div class=\"elementor-widget-container\">\n\t\t\t\t\t\t\t\t\t<h3>Conditions g\u00e9n\u00e9rales de vente (CGV)<\/h3><p><strong>Derni\u00e8re mise \u00e0 jour : 21\/09\/2024<\/strong><\/p><p>Ces conditions g\u00e9n\u00e9rales s&rsquo;appliquent \u00e0 toutes les commandes pass\u00e9es aupr\u00e8s de <strong>BD Barcode Data S\u00e0rl<\/strong>, Route de Malagnou 49-51, 1208 Gen\u00e8ve, Suisse.<\/p><h4>1. <strong>Objet<\/strong><\/h4><p>Les pr\u00e9sentes conditions g\u00e9n\u00e9rales visent \u00e0 d\u00e9finir les droits et obligations des parties dans le cadre de la vente de produits ou services propos\u00e9s par BD Barcode Data S\u00e0rl.<\/p><h4>2. <strong>Commandes<\/strong><\/h4><p>Toute commande pass\u00e9e sur notre site (<a href=\"https:\/\/barcodedata.ch\/en\/\" target=\"_new\" rel=\"noopener\">https:\/\/www.barcodedata.ch<\/a>) implique l&rsquo;acceptation sans r\u00e9serve des pr\u00e9sentes conditions g\u00e9n\u00e9rales.<\/p><h4>3. <strong>Prix<\/strong><\/h4><p>Les prix des produits sont indiqu\u00e9s en francs suisses (CHF) et incluent la TVA applicable. Les frais de livraison sont factur\u00e9s en suppl\u00e9ment.<\/p><h4>4. <strong>Paiement<\/strong><\/h4><p>Les paiements peuvent \u00eatre effectu\u00e9s par carte bancaire, virement ou tout autre moyen accept\u00e9 par BD Barcode Data S\u00e0rl. Le paiement doit \u00eatre effectu\u00e9 avant l\u2019exp\u00e9dition des produits.<\/p><h4>5. <strong>Livraison<\/strong><\/h4><p>Nous livrons dans les d\u00e9lais sp\u00e9cifi\u00e9s lors de la commande. Cependant, des retards peuvent survenir en raison de circonstances impr\u00e9vues. En cas de non-r\u00e9ception, veuillez contacter notre service client.<\/p><h4>6. <strong>Garantie et conformit\u00e9<\/strong><\/h4><p>Nos produits b\u00e9n\u00e9ficient des garanties l\u00e9gales de conformit\u00e9 et contre les vices cach\u00e9s. Si un produit est d\u00e9fectueux, vous devez nous en informer sous 14 jours.<\/p><h4>7. <strong>Responsabilit\u00e9<\/strong><\/h4><p>Nous ne sommes pas responsables des dommages indirects r\u00e9sultant de l\u2019achat de nos produits, sauf disposition contraire de la loi.<\/p><h4>8. <strong>Droit applicable et juridiction<\/strong><\/h4><p>Les pr\u00e9sentes conditions sont soumises au droit suisse. En cas de litige, les tribunaux comp\u00e9tents de Gen\u00e8ve seront seuls comp\u00e9tents.<\/p>\t\t\t\t\t\t\t\t<\/div>\n\t\t\t\t<\/div>\n\t\t\t\t\t<\/div>\n\t\t<\/div>\n\t\t\t\t\t<\/div>\n\t\t<\/section>\n\t\t\t\t<\/div>","protected":false},"excerpt":{"rendered":"<p>Conditions g\u00e9n\u00e9rales de vente (CGV) Derni\u00e8re mise \u00e0 jour : 21\/09\/2024 Ces conditions g\u00e9n\u00e9rales s&rsquo;appliquent \u00e0 toutes les commandes pass\u00e9es<\/p>","protected":false},"author":1,"featured_media":0,"parent":0,"menu_order":0,"comment_status":"closed","ping_status":"closed","template":"elementor_header_footer","meta":{"footnotes":""},"class_list":["post-15941","page","type-page","status-publish","hentry"],"_links":{"self":[{"href":"https:\/\/barcodedata.ch\/en\/wp-json\/wp\/v2\/pages\/15941","targetHints":{"allow":["GET"]}}],"collection":[{"href":"https:\/\/barcodedata.ch\/en\/wp-json\/wp\/v2\/pages"}],"about":[{"href":"https:\/\/barcodedata.ch\/en\/wp-json\/wp\/v2\/types\/page"}],"author":[{"embeddable":true,"href":"https:\/\/barcodedata.ch\/en\/wp-json\/wp\/v2\/users\/1"}],"replies":[{"embeddable":true,"href":"https:\/\/barcodedata.ch\/en\/wp-json\/wp\/v2\/comments?post=15941"}],"version-history":[{"count":8,"href":"https:\/\/barcodedata.ch\/en\/wp-json\/wp\/v2\/pages\/15941\/revisions"}],"predecessor-version":[{"id":16118,"href":"https:\/\/barcodedata.ch\/en\/wp-json\/wp\/v2\/pages\/15941\/revisions\/16118"}],"wp:attachment":[{"href":"https:\/\/barcodedata.ch\/en\/wp-json\/wp\/v2\/media?parent=15941"}],"curies":[{"name":"wp","href":"https:\/\/api.w.org\/{rel}","templated":true}]}}